{"id":4563,"date":"2024-12-28T17:56:06","date_gmt":"2024-12-28T17:56:06","guid":{"rendered":"https:\/\/grupoaaa.es\/?post_type=product&#038;p=4563"},"modified":"2024-12-28T17:56:06","modified_gmt":"2024-12-28T17:56:06","slug":"bpl015cy-blocapuerta-lavadora-candy","status":"publish","type":"product","link":"https:\/\/grupoaaa.es\/es\/producto\/bpl015cy-blocapuerta-lavadora-candy\/","title":{"rendered":"BPL015CY-Blocapuerta lavadora CANDY"},"content":{"rendered":"<p>BPL015CY<br \/>\nBlocapuerta lavadora CANDY<br \/>\nCaracter\u00edsticas: 3 terminales Paso 5. Dimensiones: 65 x 72 mm. Fijaci\u00f3n un tornillo. Pestillo: 6 x 13 mm.<br \/>\nTensi\u00f3n conmutaci\u00f3n: 250 v. Corriente cierre: 4-5. Corriente apertura: 16(6) A. DKS14 43025488. Original.<br \/>\nCandy: 43025488,43017224<br \/>\nModelo: CANDY: BWD596PH3\/1-80-31008089 1741 6059 BWM 149PH7-1S-31008084 BWM148PH7-1S-31008083 1735 6462 BWM148PH7\/1-31008083<br \/>\nHOOVER: AWDPD4138LH1S-31008476<br \/>\nMarca: CANDY, HOOVER, KELVINATOR<\/p>\n","protected":false},"excerpt":{"rendered":"<p>BPL015CY<br \/>\nBlocapuerta lavadora CANDY<br \/>\nCaracter\u00edsticas: 3 terminales Paso 5. Dimensiones: 65 x 72 mm. Fijaci\u00f3n un tornillo. Pestillo: 6 x 13 mm.<br \/>\nTensi\u00f3n conmutaci\u00f3n: 250 v. Corriente cierre: 4-5. Corriente apertura: 16(6) A. DKS14 43025488. Original.<\/p>\n","protected":false},"featured_media":4564,"comment_status":"open","ping_status":"closed","template":"","meta":{"_uag_custom_page_level_css":"","site-sidebar-layout":"default","site-content-layout":"","ast-site-content-layout":"default","site-content-style":"default","site-sidebar-style":"default","ast-global-header-display":"","ast-banner-title-visibility":"","ast-main-header-display":"","ast-hfb-above-header-display":"","ast-hfb-below-header-display":"","ast-hfb-mobile-header-display":"","site-post-title":"","ast-breadcrumbs-content":"","ast-featured-img":"","footer-sml-layout":"","theme-transparent-header-meta":"default","adv-header-id-meta":"","stick-header-meta":"","header-above-stick-meta":"","header-main-stick-meta":"","header-below-stick-meta":"","astra-migrate-meta-layouts":"set","ast-page-background-enabled":"default","ast-page-background-meta":{"desktop":{"background-color":"","background-image":"","background-repeat":"repeat","background-position":"center center","background-size":"auto","background-attachment":"scroll","background-type":"","background-media":"","overlay-type":"","overlay-color":"","overlay-opacity":"","overlay-gradient":""},"tablet":{"background-color":"","background-image":"","background-repeat":"repeat","background-position":"center center","background-size":"auto","background-attachment":"scroll","background-type":"","background-media":"","overlay-type":"","overlay-color":"","overlay-opacity":"","overlay-gradient":""},"mobile":{"background-color":"","background-image":"","background-repeat":"repeat","background-position":"center center","background-size":"auto","background-attachment":"scroll","background-type":"","background-media":"","overlay-type":"","overlay-color":"","overlay-opacity":"","overlay-gradient":""}},"ast-content-background-meta":{"desktop":{"background-color":"var(--ast-global-color-5)","background-image":"","background-repeat":"repeat","background-position":"center center","background-size":"auto","background-attachment":"scroll","background-type":"","background-media":"","overlay-type":"","overlay-color":"","overlay-opacity":"","overlay-gradient":""},"tablet":{"background-color":"var(--ast-global-color-5)","background-image":"","background-repeat":"repeat","background-position":"center center","background-size":"auto","background-attachment":"scroll","background-type":"","background-media":"","overlay-type":"","overlay-color":"","overlay-opacity":"","overlay-gradient":""},"mobile":{"background-color":"var(--ast-global-color-5)","background-image":"","background-repeat":"repeat","background-position":"center center","background-size":"auto","background-attachment":"scroll","background-type":"","background-media":"","overlay-type":"","overlay-color":"","overlay-opacity":"","overlay-gradient":""}}},"product_brand":[],"product_cat":[370,466,359,385],"product_tag":[],"class_list":{"0":"post-4563","1":"product","2":"type-product","3":"status-publish","4":"has-post-thumbnail","6":"product_cat-candy","7":"product_cat-hoover","8":"product_cat-repuestos-linea-blanca","9":"product_cat-repuestos-para-lavadoras","10":"desktop-align-left","11":"tablet-align-left","12":"mobile-align-left","14":"first","15":"instock","16":"taxable","17":"shipping-taxable","18":"purchasable","19":"product-type-simple"},"aioseo_notices":[],"uagb_featured_image_src":{"full":["https:\/\/grupoaaa.es\/wp-content\/uploads\/2024\/12\/Remove-background-project-2024-12-28T185258.952.png",1200,1600,false],"thumbnail":["https:\/\/grupoaaa.es\/wp-content\/uploads\/2024\/12\/Remove-background-project-2024-12-28T185258.952-150x150.png",150,150,true],"medium":["https:\/\/grupoaaa.es\/wp-content\/uploads\/2024\/12\/Remove-background-project-2024-12-28T185258.952-225x300.png",225,300,true],"medium_large":["https:\/\/grupoaaa.es\/wp-content\/uploads\/2024\/12\/Remove-background-project-2024-12-28T185258.952-768x1024.png",768,1024,true],"large":["https:\/\/grupoaaa.es\/wp-content\/uploads\/2024\/12\/Remove-background-project-2024-12-28T185258.952-768x1024.png",768,1024,true],"1536x1536":["https:\/\/grupoaaa.es\/wp-content\/uploads\/2024\/12\/Remove-background-project-2024-12-28T185258.952-1152x1536.png",1152,1536,true],"2048x2048":["https:\/\/grupoaaa.es\/wp-content\/uploads\/2024\/12\/Remove-background-project-2024-12-28T185258.952.png",1200,1600,false],"woocommerce_thumbnail":["https:\/\/grupoaaa.es\/wp-content\/uploads\/2024\/12\/Remove-background-project-2024-12-28T185258.952-300x300.png",300,300,true],"woocommerce_single":["https:\/\/grupoaaa.es\/wp-content\/uploads\/2024\/12\/Remove-background-project-2024-12-28T185258.952-600x800.png",600,800,true],"woocommerce_gallery_thumbnail":["https:\/\/grupoaaa.es\/wp-content\/uploads\/2024\/12\/Remove-background-project-2024-12-28T185258.952-100x100.png",100,100,true]},"uagb_author_info":{"display_name":"Abid Ali Abid","author_link":"https:\/\/grupoaaa.es\/es\/author\/"},"uagb_comment_info":0,"uagb_excerpt":"BPL015CY Blocapuerta lavadora CANDY Caracter\u00edsticas: 3 terminales Paso 5. Dimensiones: 65 x 72 mm. Fijaci\u00f3n un tornillo. Pestillo: 6 x 13 mm. Tensi\u00f3n conmutaci\u00f3n: 250 v. Corriente cierre: 4-5. Corriente apertura: 16(6) A. DKS14 43025488. Original.","_links":{"self":[{"href":"https:\/\/grupoaaa.es\/es\/wp-json\/wp\/v2\/product\/4563","targetHints":{"allow":["GET"]}}],"collection":[{"href":"https:\/\/grupoaaa.es\/es\/wp-json\/wp\/v2\/product"}],"about":[{"href":"https:\/\/grupoaaa.es\/es\/wp-json\/wp\/v2\/types\/product"}],"replies":[{"embeddable":true,"href":"https:\/\/grupoaaa.es\/es\/wp-json\/wp\/v2\/comments?post=4563"}],"wp:featuredmedia":[{"embeddable":true,"href":"https:\/\/grupoaaa.es\/es\/wp-json\/wp\/v2\/media\/4564"}],"wp:attachment":[{"href":"https:\/\/grupoaaa.es\/es\/wp-json\/wp\/v2\/media?parent=4563"}],"wp:term":[{"taxonomy":"product_brand","embeddable":true,"href":"https:\/\/grupoaaa.es\/es\/wp-json\/wp\/v2\/product_brand?post=4563"},{"taxonomy":"product_cat","embeddable":true,"href":"https:\/\/grupoaaa.es\/es\/wp-json\/wp\/v2\/product_cat?post=4563"},{"taxonomy":"product_tag","embeddable":true,"href":"https:\/\/grupoaaa.es\/es\/wp-json\/wp\/v2\/product_tag?post=4563"}],"curies":[{"name":"wp","href":"https:\/\/api.w.org\/{rel}","templated":true}]}}