{"id":4520,"date":"2024-12-21T18:00:15","date_gmt":"2024-12-21T18:00:15","guid":{"rendered":"https:\/\/grupoaaa.es\/?post_type=product&#038;p=4520"},"modified":"2024-12-21T18:00:15","modified_gmt":"2024-12-21T18:00:15","slug":"bpl013fa-blocapuerta-lavadora-fagor","status":"publish","type":"product","link":"https:\/\/grupoaaa.es\/es\/producto\/bpl013fa-blocapuerta-lavadora-fagor\/","title":{"rendered":"BPL013FA-Blocapuerta lavadora FAGOR"},"content":{"rendered":"<p>BPL013FA<br \/>\nBlocapuerta lavadora FAGOR<br \/>\nCaracter\u00edsticas: 3 terminales. Paso 5. Dimensiones: 51 x 101 mm.<br \/>\nFijaci\u00f3n doble. Dist. entre fijaciones: 43 mm. Dist. fijaci\u00f3n interior: 30 mm.<br \/>\nPestillo: 8 x 10 mm. Tensi\u00f3n conmutaci\u00f3n: 250 V. Corriente cierre: 16(6)<br \/>\nA. Corriente apertura: 1(2) A. DA002734 22719202<br \/>\nFagor: L39F000B5<br \/>\nModelos: FAGOR: 6 kg. F738,948,1158,1F-1156-905011418 1F-946-905011409 1F-946LX-905011427 1FE-946-905111499 AD-1158-905080147 F-1158-905010712 F-1158A-905010918 F-1158DB-905010909 F-1158XW-905010927 F-1358-905010730 F-738-905010687 F-948-905010696 F-948DG-905010883 F-948IN-905010874 F-948R-905010703 F-948Y-905010892 FE-1059-905110980 FE-1158-905110800 FE-1358-905110819 FE-738-905110784 FE-738CKD-905112238 FE-749-905110962 FE-948-905110793 FE-949-905110971 FU-1158-905111426 FU-1158IN-905110935 FU-1358-905111435<br \/>\nOtras marcas: ASPES, EDESA, GENERAL ELECTRIC, STEINBACH<\/p>\n","protected":false},"excerpt":{"rendered":"<p>BPL013FA<br \/>\nBlocapuerta lavadora FAGOR<br \/>\nCaracter\u00edsticas: 3 terminales. Paso 5. Dimensiones: 51 x 101 mm.<br \/>\nFijaci\u00f3n doble. Dist. entre fijaciones: 43 mm. Dist. fijaci\u00f3n interior: 30 mm.<br \/>\nPestillo: 8 x 10 mm. Tensi\u00f3n conmutaci\u00f3n: 250 V. Corriente cierre: 16(6)<br \/>\nA. Corriente apertura: 1(2) A. DA002734 22719202<\/p>\n","protected":false},"featured_media":4521,"comment_status":"open","ping_status":"closed","template":"","meta":{"_uag_custom_page_level_css":"","site-sidebar-layout":"default","site-content-layout":"","ast-site-content-layout":"default","site-content-style":"default","site-sidebar-style":"default","ast-global-header-display":"","ast-banner-title-visibility":"","ast-main-header-display":"","ast-hfb-above-header-display":"","ast-hfb-below-header-display":"","ast-hfb-mobile-header-display":"","site-post-title":"","ast-breadcrumbs-content":"","ast-featured-img":"","footer-sml-layout":"","theme-transparent-header-meta":"default","adv-header-id-meta":"","stick-header-meta":"","header-above-stick-meta":"","header-main-stick-meta":"","header-below-stick-meta":"","astra-migrate-meta-layouts":"set","ast-page-background-enabled":"default","ast-page-background-meta":{"desktop":{"background-color":"","background-image":"","background-repeat":"repeat","background-position":"center center","background-size":"auto","background-attachment":"scroll","background-type":"","background-media":"","overlay-type":"","overlay-color":"","overlay-opacity":"","overlay-gradient":""},"tablet":{"background-color":"","background-image":"","background-repeat":"repeat","background-position":"center center","background-size":"auto","background-attachment":"scroll","background-type":"","background-media":"","overlay-type":"","overlay-color":"","overlay-opacity":"","overlay-gradient":""},"mobile":{"background-color":"","background-image":"","background-repeat":"repeat","background-position":"center center","background-size":"auto","background-attachment":"scroll","background-type":"","background-media":"","overlay-type":"","overlay-color":"","overlay-opacity":"","overlay-gradient":""}},"ast-content-background-meta":{"desktop":{"background-color":"var(--ast-global-color-5)","background-image":"","background-repeat":"repeat","background-position":"center center","background-size":"auto","background-attachment":"scroll","background-type":"","background-media":"","overlay-type":"","overlay-color":"","overlay-opacity":"","overlay-gradient":""},"tablet":{"background-color":"var(--ast-global-color-5)","background-image":"","background-repeat":"repeat","background-position":"center center","background-size":"auto","background-attachment":"scroll","background-type":"","background-media":"","overlay-type":"","overlay-color":"","overlay-opacity":"","overlay-gradient":""},"mobile":{"background-color":"var(--ast-global-color-5)","background-image":"","background-repeat":"repeat","background-position":"center center","background-size":"auto","background-attachment":"scroll","background-type":"","background-media":"","overlay-type":"","overlay-color":"","overlay-opacity":"","overlay-gradient":""}}},"product_brand":[],"product_cat":[366,359,385],"product_tag":[],"class_list":{"0":"post-4520","1":"product","2":"type-product","3":"status-publish","4":"has-post-thumbnail","6":"product_cat-fagor-es","7":"product_cat-repuestos-linea-blanca","8":"product_cat-repuestos-para-lavadoras","9":"desktop-align-left","10":"tablet-align-left","11":"mobile-align-left","13":"first","14":"instock","15":"taxable","16":"shipping-taxable","17":"purchasable","18":"product-type-simple"},"aioseo_notices":[],"uagb_featured_image_src":{"full":["https:\/\/grupoaaa.es\/wp-content\/uploads\/2024\/12\/Remove-background-project-2024-12-21T183312.498.png",1200,1600,false],"thumbnail":["https:\/\/grupoaaa.es\/wp-content\/uploads\/2024\/12\/Remove-background-project-2024-12-21T183312.498-150x150.png",150,150,true],"medium":["https:\/\/grupoaaa.es\/wp-content\/uploads\/2024\/12\/Remove-background-project-2024-12-21T183312.498-225x300.png",225,300,true],"medium_large":["https:\/\/grupoaaa.es\/wp-content\/uploads\/2024\/12\/Remove-background-project-2024-12-21T183312.498-768x1024.png",768,1024,true],"large":["https:\/\/grupoaaa.es\/wp-content\/uploads\/2024\/12\/Remove-background-project-2024-12-21T183312.498-768x1024.png",768,1024,true],"1536x1536":["https:\/\/grupoaaa.es\/wp-content\/uploads\/2024\/12\/Remove-background-project-2024-12-21T183312.498-1152x1536.png",1152,1536,true],"2048x2048":["https:\/\/grupoaaa.es\/wp-content\/uploads\/2024\/12\/Remove-background-project-2024-12-21T183312.498.png",1200,1600,false],"woocommerce_thumbnail":["https:\/\/grupoaaa.es\/wp-content\/uploads\/2024\/12\/Remove-background-project-2024-12-21T183312.498-300x300.png",300,300,true],"woocommerce_single":["https:\/\/grupoaaa.es\/wp-content\/uploads\/2024\/12\/Remove-background-project-2024-12-21T183312.498-600x800.png",600,800,true],"woocommerce_gallery_thumbnail":["https:\/\/grupoaaa.es\/wp-content\/uploads\/2024\/12\/Remove-background-project-2024-12-21T183312.498-100x100.png",100,100,true]},"uagb_author_info":{"display_name":"Abid Ali Abid","author_link":"https:\/\/grupoaaa.es\/es\/author\/"},"uagb_comment_info":0,"uagb_excerpt":"BPL013FA Blocapuerta lavadora FAGOR Caracter\u00edsticas: 3 terminales. Paso 5. Dimensiones: 51 x 101 mm. Fijaci\u00f3n doble. Dist. entre fijaciones: 43 mm. Dist. fijaci\u00f3n interior: 30 mm. Pestillo: 8 x 10 mm. Tensi\u00f3n conmutaci\u00f3n: 250 V. Corriente cierre: 16(6) A. Corriente apertura: 1(2) A. DA002734 22719202","_links":{"self":[{"href":"https:\/\/grupoaaa.es\/es\/wp-json\/wp\/v2\/product\/4520","targetHints":{"allow":["GET"]}}],"collection":[{"href":"https:\/\/grupoaaa.es\/es\/wp-json\/wp\/v2\/product"}],"about":[{"href":"https:\/\/grupoaaa.es\/es\/wp-json\/wp\/v2\/types\/product"}],"replies":[{"embeddable":true,"href":"https:\/\/grupoaaa.es\/es\/wp-json\/wp\/v2\/comments?post=4520"}],"wp:featuredmedia":[{"embeddable":true,"href":"https:\/\/grupoaaa.es\/es\/wp-json\/wp\/v2\/media\/4521"}],"wp:attachment":[{"href":"https:\/\/grupoaaa.es\/es\/wp-json\/wp\/v2\/media?parent=4520"}],"wp:term":[{"taxonomy":"product_brand","embeddable":true,"href":"https:\/\/grupoaaa.es\/es\/wp-json\/wp\/v2\/product_brand?post=4520"},{"taxonomy":"product_cat","embeddable":true,"href":"https:\/\/grupoaaa.es\/es\/wp-json\/wp\/v2\/product_cat?post=4520"},{"taxonomy":"product_tag","embeddable":true,"href":"https:\/\/grupoaaa.es\/es\/wp-json\/wp\/v2\/product_tag?post=4520"}],"curies":[{"name":"wp","href":"https:\/\/api.w.org\/{rel}","templated":true}]}}