{"id":4500,"date":"2024-12-06T11:31:14","date_gmt":"2024-12-06T11:31:14","guid":{"rendered":"https:\/\/grupoaaa.es\/?post_type=product&#038;p=4500"},"modified":"2024-12-06T11:31:14","modified_gmt":"2024-12-06T11:31:14","slug":"bpl011lg-blocapuerta-lavadora-lg","status":"publish","type":"product","link":"https:\/\/grupoaaa.es\/es\/producto\/bpl011lg-blocapuerta-lavadora-lg\/","title":{"rendered":"BPL011LG-Blocapuerta lavadora LG"},"content":{"rendered":"<p>BPL011LG<br \/>\nBlocapuerta lavadora LG<br \/>\nCaracter\u00edsticas:  4 terminales. Paso 5. Dimensiones: 64 x 81 mm.<br \/>\nFijaci\u00f3n simple. Dist. entre fijaciones: 60 mm.<br \/>\nPestillo: 10 x 12 mm. Tensi\u00f3n conmutaci\u00f3n: 250 V.<br \/>\nCorriente cierre: 16(6) A. 90050 DFF01851<br \/>\nLG Electronics: EBF49827803,6601ER1004D,AGF69478145,EBF49827801,DFF80850<\/p>\n<p>Modelos: LG: F1248QD F1273QD F1273QD7 F1280TDS F1294TD F1480FDS6 F1480YD5<br \/>\nFH495BDN2 FH4A8TDN2-705PWSDKV454 WD-12210RD WD-12590BD WD-12839PD<br \/>\nWD-14130GD WD-1413OGD WD-14931RD WD12210BD WD12270BD WD12590BD WD12839PD<br \/>\nWD14130GD WD14130GD-01<\/p>\n","protected":false},"excerpt":{"rendered":"<p>BPL011LG<br \/>\nBlocapuerta lavadora LG<br \/>\nCaracter\u00edsticas:  4 terminales. Paso 5. Dimensiones: 64 x 81 mm.<br \/>\nFijaci\u00f3n simple. Dist. entre fijaciones: 60 mm.<br \/>\nPestillo: 10 x 12 mm. Tensi\u00f3n conmutaci\u00f3n: 250 V.<br \/>\nCorriente cierre: 16(6) A. 90050 DFF01851<\/p>\n","protected":false},"featured_media":4501,"comment_status":"open","ping_status":"closed","template":"","meta":{"_uag_custom_page_level_css":"","site-sidebar-layout":"default","site-content-layout":"","ast-site-content-layout":"default","site-content-style":"default","site-sidebar-style":"default","ast-global-header-display":"","ast-banner-title-visibility":"","ast-main-header-display":"","ast-hfb-above-header-display":"","ast-hfb-below-header-display":"","ast-hfb-mobile-header-display":"","site-post-title":"","ast-breadcrumbs-content":"","ast-featured-img":"","footer-sml-layout":"","theme-transparent-header-meta":"default","adv-header-id-meta":"","stick-header-meta":"","header-above-stick-meta":"","header-main-stick-meta":"","header-below-stick-meta":"","astra-migrate-meta-layouts":"set","ast-page-background-enabled":"default","ast-page-background-meta":{"desktop":{"background-color":"","background-image":"","background-repeat":"repeat","background-position":"center center","background-size":"auto","background-attachment":"scroll","background-type":"","background-media":"","overlay-type":"","overlay-color":"","overlay-opacity":"","overlay-gradient":""},"tablet":{"background-color":"","background-image":"","background-repeat":"repeat","background-position":"center center","background-size":"auto","background-attachment":"scroll","background-type":"","background-media":"","overlay-type":"","overlay-color":"","overlay-opacity":"","overlay-gradient":""},"mobile":{"background-color":"","background-image":"","background-repeat":"repeat","background-position":"center center","background-size":"auto","background-attachment":"scroll","background-type":"","background-media":"","overlay-type":"","overlay-color":"","overlay-opacity":"","overlay-gradient":""}},"ast-content-background-meta":{"desktop":{"background-color":"var(--ast-global-color-5)","background-image":"","background-repeat":"repeat","background-position":"center center","background-size":"auto","background-attachment":"scroll","background-type":"","background-media":"","overlay-type":"","overlay-color":"","overlay-opacity":"","overlay-gradient":""},"tablet":{"background-color":"var(--ast-global-color-5)","background-image":"","background-repeat":"repeat","background-position":"center center","background-size":"auto","background-attachment":"scroll","background-type":"","background-media":"","overlay-type":"","overlay-color":"","overlay-opacity":"","overlay-gradient":""},"mobile":{"background-color":"var(--ast-global-color-5)","background-image":"","background-repeat":"repeat","background-position":"center center","background-size":"auto","background-attachment":"scroll","background-type":"","background-media":"","overlay-type":"","overlay-color":"","overlay-opacity":"","overlay-gradient":""}}},"product_brand":[],"product_cat":[459,359,385],"product_tag":[],"class_list":{"0":"post-4500","1":"product","2":"type-product","3":"status-publish","4":"has-post-thumbnail","6":"product_cat-lg","7":"product_cat-repuestos-linea-blanca","8":"product_cat-repuestos-para-lavadoras","9":"desktop-align-left","10":"tablet-align-left","11":"mobile-align-left","13":"first","14":"instock","15":"taxable","16":"shipping-taxable","17":"purchasable","18":"product-type-simple"},"aioseo_notices":[],"uagb_featured_image_src":{"full":["https:\/\/grupoaaa.es\/wp-content\/uploads\/2024\/12\/Remove-background-project-2024-12-06T122626.500.png",1200,1600,false],"thumbnail":["https:\/\/grupoaaa.es\/wp-content\/uploads\/2024\/12\/Remove-background-project-2024-12-06T122626.500-150x150.png",150,150,true],"medium":["https:\/\/grupoaaa.es\/wp-content\/uploads\/2024\/12\/Remove-background-project-2024-12-06T122626.500-225x300.png",225,300,true],"medium_large":["https:\/\/grupoaaa.es\/wp-content\/uploads\/2024\/12\/Remove-background-project-2024-12-06T122626.500-768x1024.png",768,1024,true],"large":["https:\/\/grupoaaa.es\/wp-content\/uploads\/2024\/12\/Remove-background-project-2024-12-06T122626.500-768x1024.png",768,1024,true],"1536x1536":["https:\/\/grupoaaa.es\/wp-content\/uploads\/2024\/12\/Remove-background-project-2024-12-06T122626.500-1152x1536.png",1152,1536,true],"2048x2048":["https:\/\/grupoaaa.es\/wp-content\/uploads\/2024\/12\/Remove-background-project-2024-12-06T122626.500.png",1200,1600,false],"woocommerce_thumbnail":["https:\/\/grupoaaa.es\/wp-content\/uploads\/2024\/12\/Remove-background-project-2024-12-06T122626.500-300x300.png",300,300,true],"woocommerce_single":["https:\/\/grupoaaa.es\/wp-content\/uploads\/2024\/12\/Remove-background-project-2024-12-06T122626.500-600x800.png",600,800,true],"woocommerce_gallery_thumbnail":["https:\/\/grupoaaa.es\/wp-content\/uploads\/2024\/12\/Remove-background-project-2024-12-06T122626.500-100x100.png",100,100,true]},"uagb_author_info":{"display_name":"Abid Ali Abid","author_link":"https:\/\/grupoaaa.es\/es\/author\/"},"uagb_comment_info":0,"uagb_excerpt":"BPL011LG Blocapuerta lavadora LG Caracter\u00edsticas: 4 terminales. Paso 5. Dimensiones: 64 x 81 mm. Fijaci\u00f3n simple. Dist. entre fijaciones: 60 mm. Pestillo: 10 x 12 mm. Tensi\u00f3n conmutaci\u00f3n: 250 V. Corriente cierre: 16(6) A. 90050 DFF01851","_links":{"self":[{"href":"https:\/\/grupoaaa.es\/es\/wp-json\/wp\/v2\/product\/4500","targetHints":{"allow":["GET"]}}],"collection":[{"href":"https:\/\/grupoaaa.es\/es\/wp-json\/wp\/v2\/product"}],"about":[{"href":"https:\/\/grupoaaa.es\/es\/wp-json\/wp\/v2\/types\/product"}],"replies":[{"embeddable":true,"href":"https:\/\/grupoaaa.es\/es\/wp-json\/wp\/v2\/comments?post=4500"}],"wp:featuredmedia":[{"embeddable":true,"href":"https:\/\/grupoaaa.es\/es\/wp-json\/wp\/v2\/media\/4501"}],"wp:attachment":[{"href":"https:\/\/grupoaaa.es\/es\/wp-json\/wp\/v2\/media?parent=4500"}],"wp:term":[{"taxonomy":"product_brand","embeddable":true,"href":"https:\/\/grupoaaa.es\/es\/wp-json\/wp\/v2\/product_brand?post=4500"},{"taxonomy":"product_cat","embeddable":true,"href":"https:\/\/grupoaaa.es\/es\/wp-json\/wp\/v2\/product_cat?post=4500"},{"taxonomy":"product_tag","embeddable":true,"href":"https:\/\/grupoaaa.es\/es\/wp-json\/wp\/v2\/product_tag?post=4500"}],"curies":[{"name":"wp","href":"https:\/\/api.w.org\/{rel}","templated":true}]}}