{"id":4325,"date":"2024-11-16T18:30:08","date_gmt":"2024-11-16T18:30:08","guid":{"rendered":"https:\/\/grupoaaa.es\/?post_type=product&#038;p=4325"},"modified":"2026-01-10T16:54:15","modified_gmt":"2026-01-10T16:54:15","slug":"bpl007lg-blocapuerta-lavadora-lg","status":"publish","type":"product","link":"https:\/\/grupoaaa.es\/es\/producto\/bpl007lg-blocapuerta-lavadora-lg\/","title":{"rendered":"BPL007SA-BLOCAPUERTA LAVADORA SAMSUNG DC3400026A"},"content":{"rendered":"<p>BPL007SA<br \/>\nBlocapuerta lavadora SAMSUNG<br \/>\nCODIGO ORIGINAL: DC3400026A<br \/>\nCaracter\u00edsticas: 3 terminales. Paso 5. Dimensiones:<br \/>\n76 x 71 mm. Fijaci\u00f3n simple. Dist. entre fijaciones:<br \/>\n51 mm. Pestillo: 9 x 10 mm. Tensi\u00f3n conmutaci\u00f3n: 250 V.<br \/>\nCorriente cierre: 16(6) A. Corriente apertura: 1-2<br \/>\nSamsung: DC3400026A<br \/>\nModelos: DC34-00026A WD80J6A10AW WD80J6A10AW-0TMF5ADM900137T WD80J6A10AW-WD80J6A10AW-EC WD80J6A10AX\/EC WD80K5410OW-EC WD80K5B10OX WW10H9600EW WW12K8412OWEC WW80J6410CW WW80J6410CW-EC WW80J6410CW-EC-04Q25ESG600554N WW80J6410CW-WW80J6410CW-EC WW80J6410CWEC WW80K6414QW WW80K6414QW-EC WW80K6414QX-EC-04VS5ESMC00067J WW80K6414QXEC -WW80K6414QXEC WW80M6450PW WW80M645OPWEC WW90H7610EW WW90M645OPW-0T435ADKB00089K WW90M76FNOA-EC WW90M76FNOA-EC-0T4H5ADMB00079D WW90M76FNOO-EC<br \/>\nMarca: SAMSUNG<\/p>\n","protected":false},"excerpt":{"rendered":"<p>BPL007LG<br \/>\nBlocapuerta lavadora LG<br \/>\nCaracter\u00edsticas: 3 terminales. Paso 5. Dimensiones:<br \/>\n76 x 71 mm. Fijaci\u00f3n simple. Dist. entre fijaciones:<br \/>\n51 mm. Pestillo: 9 x 10 mm. Tensi\u00f3n conmutaci\u00f3n: 250 V.<br \/>\nCorriente cierre: 16(6) A. Corriente apertura: 1-2<\/p>\n","protected":false},"featured_media":4326,"comment_status":"open","ping_status":"closed","template":"","meta":{"_uag_custom_page_level_css":"","site-sidebar-layout":"default","site-content-layout":"","ast-site-content-layout":"default","site-content-style":"default","site-sidebar-style":"default","ast-global-header-display":"","ast-banner-title-visibility":"","ast-main-header-display":"","ast-hfb-above-header-display":"","ast-hfb-below-header-display":"","ast-hfb-mobile-header-display":"","site-post-title":"","ast-breadcrumbs-content":"","ast-featured-img":"","footer-sml-layout":"","ast-disable-related-posts":"","theme-transparent-header-meta":"default","adv-header-id-meta":"","stick-header-meta":"","header-above-stick-meta":"","header-main-stick-meta":"","header-below-stick-meta":"","astra-migrate-meta-layouts":"set","ast-page-background-enabled":"default","ast-page-background-meta":{"desktop":{"background-color":"","background-image":"","background-repeat":"repeat","background-position":"center center","background-size":"auto","background-attachment":"scroll","background-type":"","background-media":"","overlay-type":"","overlay-color":"","overlay-opacity":"","overlay-gradient":""},"tablet":{"background-color":"","background-image":"","background-repeat":"repeat","background-position":"center center","background-size":"auto","background-attachment":"scroll","background-type":"","background-media":"","overlay-type":"","overlay-color":"","overlay-opacity":"","overlay-gradient":""},"mobile":{"background-color":"","background-image":"","background-repeat":"repeat","background-position":"center center","background-size":"auto","background-attachment":"scroll","background-type":"","background-media":"","overlay-type":"","overlay-color":"","overlay-opacity":"","overlay-gradient":""}},"ast-content-background-meta":{"desktop":{"background-color":"var(--ast-global-color-4)","background-image":"","background-repeat":"repeat","background-position":"center center","background-size":"auto","background-attachment":"scroll","background-type":"","background-media":"","overlay-type":"","overlay-color":"","overlay-opacity":"","overlay-gradient":""},"tablet":{"background-color":"var(--ast-global-color-4)","background-image":"","background-repeat":"repeat","background-position":"center center","background-size":"auto","background-attachment":"scroll","background-type":"","background-media":"","overlay-type":"","overlay-color":"","overlay-opacity":"","overlay-gradient":""},"mobile":{"background-color":"var(--ast-global-color-4)","background-image":"","background-repeat":"repeat","background-position":"center center","background-size":"auto","background-attachment":"scroll","background-type":"","background-media":"","overlay-type":"","overlay-color":"","overlay-opacity":"","overlay-gradient":""}}},"product_brand":[],"product_cat":[359,385,372],"product_tag":[],"class_list":{"0":"post-4325","1":"product","2":"type-product","3":"status-publish","4":"has-post-thumbnail","6":"product_cat-repuestos-linea-blanca","7":"product_cat-repuestos-para-lavadoras","8":"product_cat-samsung","9":"desktop-align-left","10":"tablet-align-left","11":"mobile-align-left","13":"first","14":"instock","15":"taxable","16":"shipping-taxable","17":"purchasable","18":"product-type-simple"},"aioseo_notices":[],"uagb_featured_image_src":{"full":["https:\/\/grupoaaa.es\/wp-content\/uploads\/2024\/11\/Remove-background-project-2024-11-16T192008.837.png",1200,1600,false],"thumbnail":["https:\/\/grupoaaa.es\/wp-content\/uploads\/2024\/11\/Remove-background-project-2024-11-16T192008.837-150x150.png",150,150,true],"medium":["https:\/\/grupoaaa.es\/wp-content\/uploads\/2024\/11\/Remove-background-project-2024-11-16T192008.837-225x300.png",225,300,true],"medium_large":["https:\/\/grupoaaa.es\/wp-content\/uploads\/2024\/11\/Remove-background-project-2024-11-16T192008.837-768x1024.png",768,1024,true],"large":["https:\/\/grupoaaa.es\/wp-content\/uploads\/2024\/11\/Remove-background-project-2024-11-16T192008.837-768x1024.png",768,1024,true],"1536x1536":["https:\/\/grupoaaa.es\/wp-content\/uploads\/2024\/11\/Remove-background-project-2024-11-16T192008.837-1152x1536.png",1152,1536,true],"2048x2048":["https:\/\/grupoaaa.es\/wp-content\/uploads\/2024\/11\/Remove-background-project-2024-11-16T192008.837.png",1200,1600,false],"woocommerce_thumbnail":["https:\/\/grupoaaa.es\/wp-content\/uploads\/2024\/11\/Remove-background-project-2024-11-16T192008.837-300x300.png",300,300,true],"woocommerce_single":["https:\/\/grupoaaa.es\/wp-content\/uploads\/2024\/11\/Remove-background-project-2024-11-16T192008.837-600x800.png",600,800,true],"woocommerce_gallery_thumbnail":["https:\/\/grupoaaa.es\/wp-content\/uploads\/2024\/11\/Remove-background-project-2024-11-16T192008.837-100x100.png",100,100,true]},"uagb_author_info":{"display_name":"Abid Ali Abid","author_link":"https:\/\/grupoaaa.es\/es\/author\/"},"uagb_comment_info":0,"uagb_excerpt":"BPL007LG Blocapuerta lavadora LG Caracter\u00edsticas: 3 terminales. Paso 5. Dimensiones: 76 x 71 mm. Fijaci\u00f3n simple. Dist. entre fijaciones: 51 mm. Pestillo: 9 x 10 mm. Tensi\u00f3n conmutaci\u00f3n: 250 V. Corriente cierre: 16(6) A. Corriente apertura: 1-2","_links":{"self":[{"href":"https:\/\/grupoaaa.es\/es\/wp-json\/wp\/v2\/product\/4325","targetHints":{"allow":["GET"]}}],"collection":[{"href":"https:\/\/grupoaaa.es\/es\/wp-json\/wp\/v2\/product"}],"about":[{"href":"https:\/\/grupoaaa.es\/es\/wp-json\/wp\/v2\/types\/product"}],"replies":[{"embeddable":true,"href":"https:\/\/grupoaaa.es\/es\/wp-json\/wp\/v2\/comments?post=4325"}],"wp:featuredmedia":[{"embeddable":true,"href":"https:\/\/grupoaaa.es\/es\/wp-json\/wp\/v2\/media\/4326"}],"wp:attachment":[{"href":"https:\/\/grupoaaa.es\/es\/wp-json\/wp\/v2\/media?parent=4325"}],"wp:term":[{"taxonomy":"product_brand","embeddable":true,"href":"https:\/\/grupoaaa.es\/es\/wp-json\/wp\/v2\/product_brand?post=4325"},{"taxonomy":"product_cat","embeddable":true,"href":"https:\/\/grupoaaa.es\/es\/wp-json\/wp\/v2\/product_cat?post=4325"},{"taxonomy":"product_tag","embeddable":true,"href":"https:\/\/grupoaaa.es\/es\/wp-json\/wp\/v2\/product_tag?post=4325"}],"curies":[{"name":"wp","href":"https:\/\/api.w.org\/{rel}","templated":true}]}}