{"id":4320,"date":"2024-11-16T18:12:17","date_gmt":"2024-11-16T18:12:17","guid":{"rendered":"https:\/\/grupoaaa.es\/?post_type=product&#038;p=4320"},"modified":"2024-11-16T18:13:00","modified_gmt":"2024-11-16T18:13:00","slug":"bpl006lg-blocapuerta-lavadora-lg","status":"publish","type":"product","link":"https:\/\/grupoaaa.es\/es\/producto\/bpl006lg-blocapuerta-lavadora-lg\/","title":{"rendered":"BPL006LG-Blocapuerta lavadora LG"},"content":{"rendered":"<p>BPL006LG<br \/>\nBlocapuerta lavadora LG<br \/>\nCaracter\u00edsticas: 4 terminales. Paso 5. Fijaci\u00f3n simple.<br \/>\nTensi\u00f3n conmutaci\u00f3n: 250 V . Corriente cierre: 4-5<br \/>\nCorriente apertura: 16 (6) \u2022 T85 DMA01 EBF61315803<br \/>\nLG Electronics: EBF61315801,EBF62534402,EBF61315806<br \/>\nLG: 32LN5400-ZA.BEUYLJP F0J5TN3W-712PNPD16464 F1255FD F12U2HDM1N F1K2CS2W F1K2CS2W-F1K2CSV2W.ABWQVES F2J5TN3W F2J5TN3W-F2J5TNP3W-ABWQPES F2J5TN4W-F2J5TNP4W-ABWQPES F2J6TN0W-F2J6TNP0W-ABWQPES F2J7VY1W-804PNUR0Z214 F2J7VY8S-F2J7VYP8S.AESQPES F4DN4008N0W-F4R5TMW0WR.ABWQWES F4J5QN7S-AESQPES-709PNBM5C829 F4J5TN4W-712PNRT0X950 F4J6EY2W-F4J6EYW2W.ABWQWES F4J6JY0W-F4J6JYP0W.ABWQPES F4J6TG1W F4J6TG1W-F4J6TGP1W.ABWQPES F4J6TM0WC-F4J6TMP0WC.ABWQPES F4J6TY0W-F4J6TYP0W.ABWQPES F4J6TY8S-F4J6TYP8S-AESQPES F4J6TYOW-F4J6TYPOW.ABWQPES F4J6VN0W-F4J6VNP0W.ABWQPES F4J6VNW0WW F4J7TY1W-F4J7TYP1W.ABWQPES F4J8FH2W-SERIE 709PNHN58129 F4JGVN0W.ABWQPES F4WT409AIDD-F4R5VYW0WL-ABWQWES F4WV3008N3W F4WV3009S6W-F4V3VYP6WE.ABWQPES F4WV3010S6W-F4V3RYP6WE-ABWQPES FH069FD3FS-803KWMK42595 FH2U2VDN1 FH2U2VDN1-FH2U2VDNW1.ABWQEES FH2U2VFN3-FH2U2VFNP3-ABWQPES FH4G1BCS2-809KWWZ2S417 FH4U2VCN2&#8242; FH4U2VFN3-FH4U2VFNP3.ABWQPES<br \/>\nMarca: LG<\/p>\n","protected":false},"excerpt":{"rendered":"<p>BPL006LG<br \/>\nBlocapuerta lavadora LG<br \/>\nCaracter\u00edsticas: 4 terminales. Paso 5. Fijaci\u00f3n simple.<br \/>\nTensi\u00f3n conmutaci\u00f3n: 250 V . Corriente cierre: 4-5<br \/>\nCorriente apertura: 16 (6) \u2022 T85 DMA01 EBF61315803<\/p>\n","protected":false},"featured_media":4321,"comment_status":"open","ping_status":"closed","template":"","meta":{"_uag_custom_page_level_css":"","site-sidebar-layout":"default","site-content-layout":"","ast-site-content-layout":"default","site-content-style":"default","site-sidebar-style":"default","ast-global-header-display":"","ast-banner-title-visibility":"","ast-main-header-display":"","ast-hfb-above-header-display":"","ast-hfb-below-header-display":"","ast-hfb-mobile-header-display":"","site-post-title":"","ast-breadcrumbs-content":"","ast-featured-img":"","footer-sml-layout":"","ast-disable-related-posts":"","theme-transparent-header-meta":"default","adv-header-id-meta":"","stick-header-meta":"","header-above-stick-meta":"","header-main-stick-meta":"","header-below-stick-meta":"","astra-migrate-meta-layouts":"set","ast-page-background-enabled":"default","ast-page-background-meta":{"desktop":{"background-color":"","background-image":"","background-repeat":"repeat","background-position":"center center","background-size":"auto","background-attachment":"scroll","background-type":"","background-media":"","overlay-type":"","overlay-color":"","overlay-opacity":"","overlay-gradient":""},"tablet":{"background-color":"","background-image":"","background-repeat":"repeat","background-position":"center center","background-size":"auto","background-attachment":"scroll","background-type":"","background-media":"","overlay-type":"","overlay-color":"","overlay-opacity":"","overlay-gradient":""},"mobile":{"background-color":"","background-image":"","background-repeat":"repeat","background-position":"center center","background-size":"auto","background-attachment":"scroll","background-type":"","background-media":"","overlay-type":"","overlay-color":"","overlay-opacity":"","overlay-gradient":""}},"ast-content-background-meta":{"desktop":{"background-color":"var(--ast-global-color-4)","background-image":"","background-repeat":"repeat","background-position":"center center","background-size":"auto","background-attachment":"scroll","background-type":"","background-media":"","overlay-type":"","overlay-color":"","overlay-opacity":"","overlay-gradient":""},"tablet":{"background-color":"var(--ast-global-color-4)","background-image":"","background-repeat":"repeat","background-position":"center center","background-size":"auto","background-attachment":"scroll","background-type":"","background-media":"","overlay-type":"","overlay-color":"","overlay-opacity":"","overlay-gradient":""},"mobile":{"background-color":"var(--ast-global-color-4)","background-image":"","background-repeat":"repeat","background-position":"center center","background-size":"auto","background-attachment":"scroll","background-type":"","background-media":"","overlay-type":"","overlay-color":"","overlay-opacity":"","overlay-gradient":""}}},"product_brand":[],"product_cat":[459,359,385],"product_tag":[],"class_list":{"0":"post-4320","1":"product","2":"type-product","3":"status-publish","4":"has-post-thumbnail","6":"product_cat-lg","7":"product_cat-repuestos-linea-blanca","8":"product_cat-repuestos-para-lavadoras","9":"desktop-align-left","10":"tablet-align-left","11":"mobile-align-left","13":"first","14":"instock","15":"taxable","16":"shipping-taxable","17":"purchasable","18":"product-type-simple"},"aioseo_notices":[],"uagb_featured_image_src":{"full":["https:\/\/grupoaaa.es\/wp-content\/uploads\/2024\/11\/Remove-background-project-2024-11-16T190902.080.png",1200,1600,false],"thumbnail":["https:\/\/grupoaaa.es\/wp-content\/uploads\/2024\/11\/Remove-background-project-2024-11-16T190902.080-150x150.png",150,150,true],"medium":["https:\/\/grupoaaa.es\/wp-content\/uploads\/2024\/11\/Remove-background-project-2024-11-16T190902.080-225x300.png",225,300,true],"medium_large":["https:\/\/grupoaaa.es\/wp-content\/uploads\/2024\/11\/Remove-background-project-2024-11-16T190902.080-768x1024.png",768,1024,true],"large":["https:\/\/grupoaaa.es\/wp-content\/uploads\/2024\/11\/Remove-background-project-2024-11-16T190902.080-768x1024.png",768,1024,true],"1536x1536":["https:\/\/grupoaaa.es\/wp-content\/uploads\/2024\/11\/Remove-background-project-2024-11-16T190902.080-1152x1536.png",1152,1536,true],"2048x2048":["https:\/\/grupoaaa.es\/wp-content\/uploads\/2024\/11\/Remove-background-project-2024-11-16T190902.080.png",1200,1600,false],"woocommerce_thumbnail":["https:\/\/grupoaaa.es\/wp-content\/uploads\/2024\/11\/Remove-background-project-2024-11-16T190902.080-300x300.png",300,300,true],"woocommerce_single":["https:\/\/grupoaaa.es\/wp-content\/uploads\/2024\/11\/Remove-background-project-2024-11-16T190902.080-600x800.png",600,800,true],"woocommerce_gallery_thumbnail":["https:\/\/grupoaaa.es\/wp-content\/uploads\/2024\/11\/Remove-background-project-2024-11-16T190902.080-100x100.png",100,100,true]},"uagb_author_info":{"display_name":"Abid Ali Abid","author_link":"https:\/\/grupoaaa.es\/es\/author\/"},"uagb_comment_info":0,"uagb_excerpt":"BPL006LG Blocapuerta lavadora LG Caracter\u00edsticas: 4 terminales. Paso 5. Fijaci\u00f3n simple. Tensi\u00f3n conmutaci\u00f3n: 250 V . Corriente cierre: 4-5 Corriente apertura: 16 (6) \u2022 T85 DMA01 EBF61315803","_links":{"self":[{"href":"https:\/\/grupoaaa.es\/es\/wp-json\/wp\/v2\/product\/4320","targetHints":{"allow":["GET"]}}],"collection":[{"href":"https:\/\/grupoaaa.es\/es\/wp-json\/wp\/v2\/product"}],"about":[{"href":"https:\/\/grupoaaa.es\/es\/wp-json\/wp\/v2\/types\/product"}],"replies":[{"embeddable":true,"href":"https:\/\/grupoaaa.es\/es\/wp-json\/wp\/v2\/comments?post=4320"}],"wp:featuredmedia":[{"embeddable":true,"href":"https:\/\/grupoaaa.es\/es\/wp-json\/wp\/v2\/media\/4321"}],"wp:attachment":[{"href":"https:\/\/grupoaaa.es\/es\/wp-json\/wp\/v2\/media?parent=4320"}],"wp:term":[{"taxonomy":"product_brand","embeddable":true,"href":"https:\/\/grupoaaa.es\/es\/wp-json\/wp\/v2\/product_brand?post=4320"},{"taxonomy":"product_cat","embeddable":true,"href":"https:\/\/grupoaaa.es\/es\/wp-json\/wp\/v2\/product_cat?post=4320"},{"taxonomy":"product_tag","embeddable":true,"href":"https:\/\/grupoaaa.es\/es\/wp-json\/wp\/v2\/product_tag?post=4320"}],"curies":[{"name":"wp","href":"https:\/\/api.w.org\/{rel}","templated":true}]}}