{"id":3535,"date":"2024-10-25T22:20:45","date_gmt":"2024-10-25T22:20:45","guid":{"rendered":"https:\/\/grupoaaa.es\/?post_type=product&#038;p=3535"},"modified":"2024-10-25T22:20:45","modified_gmt":"2024-10-25T22:20:45","slug":"gel000b3-goma-puerta-lavadora-bosch","status":"publish","type":"product","link":"https:\/\/grupoaaa.es\/es\/producto\/gel000b3-goma-puerta-lavadora-bosch\/","title":{"rendered":"GEL000B3-Goma puerta lavadora Bosch"},"content":{"rendered":"<p>GEL000B3<br \/>\nCaracter\u00edsticas: Lavadora carga frontal. Sin iris. \u00d8 lado cuba: 380 mm. \u00d8 lado mueble: 340 mm. Altura de la goma: 85 mm.<br \/>\nB\/S\/H: 772658,680405,776673,680768,478300,772653,478301<br \/>\nModelos: SIEMENS: WM12S740EE, BOSCH: WAP20160EE,20160IL,W5420X0EU<\/p>\n","protected":false},"excerpt":{"rendered":"<p>GEL000B3<br \/>\nCaracter\u00edsticas: Lavadora carga frontal. Sin iris. \u00d8 lado cuba: 380 mm. \u00d8 lado mueble: 340 mm. Altura de la goma: 85 mm.<\/p>\n","protected":false},"featured_media":2878,"comment_status":"open","ping_status":"closed","template":"","meta":{"_uag_custom_page_level_css":"","site-sidebar-layout":"default","site-content-layout":"","ast-site-content-layout":"default","site-content-style":"default","site-sidebar-style":"default","ast-global-header-display":"","ast-banner-title-visibility":"","ast-main-header-display":"","ast-hfb-above-header-display":"","ast-hfb-below-header-display":"","ast-hfb-mobile-header-display":"","site-post-title":"","ast-breadcrumbs-content":"","ast-featured-img":"","footer-sml-layout":"","theme-transparent-header-meta":"default","adv-header-id-meta":"","stick-header-meta":"","header-above-stick-meta":"","header-main-stick-meta":"","header-below-stick-meta":"","astra-migrate-meta-layouts":"set","ast-page-background-enabled":"default","ast-page-background-meta":{"desktop":{"background-color":"","background-image":"","background-repeat":"repeat","background-position":"center center","background-size":"auto","background-attachment":"scroll","background-type":"","background-media":"","overlay-type":"","overlay-color":"","overlay-opacity":"","overlay-gradient":""},"tablet":{"background-color":"","background-image":"","background-repeat":"repeat","background-position":"center center","background-size":"auto","background-attachment":"scroll","background-type":"","background-media":"","overlay-type":"","overlay-color":"","overlay-opacity":"","overlay-gradient":""},"mobile":{"background-color":"","background-image":"","background-repeat":"repeat","background-position":"center center","background-size":"auto","background-attachment":"scroll","background-type":"","background-media":"","overlay-type":"","overlay-color":"","overlay-opacity":"","overlay-gradient":""}},"ast-content-background-meta":{"desktop":{"background-color":"var(--ast-global-color-5)","background-image":"","background-repeat":"repeat","background-position":"center center","background-size":"auto","background-attachment":"scroll","background-type":"","background-media":"","overlay-type":"","overlay-color":"","overlay-opacity":"","overlay-gradient":""},"tablet":{"background-color":"var(--ast-global-color-5)","background-image":"","background-repeat":"repeat","background-position":"center center","background-size":"auto","background-attachment":"scroll","background-type":"","background-media":"","overlay-type":"","overlay-color":"","overlay-opacity":"","overlay-gradient":""},"mobile":{"background-color":"var(--ast-global-color-5)","background-image":"","background-repeat":"repeat","background-position":"center center","background-size":"auto","background-attachment":"scroll","background-type":"","background-media":"","overlay-type":"","overlay-color":"","overlay-opacity":"","overlay-gradient":""}}},"product_brand":[],"product_cat":[358,361,359,385,377],"product_tag":[],"class_list":{"0":"post-3535","1":"product","2":"type-product","3":"status-publish","4":"has-post-thumbnail","6":"product_cat-balay-es","7":"product_cat-bosch-es","8":"product_cat-repuestos-linea-blanca","9":"product_cat-repuestos-para-lavadoras","10":"product_cat-siemens","11":"desktop-align-left","12":"tablet-align-left","13":"mobile-align-left","15":"first","16":"instock","17":"taxable","18":"shipping-taxable","19":"purchasable","20":"product-type-simple"},"aioseo_notices":[],"uagb_featured_image_src":{"full":["https:\/\/grupoaaa.es\/wp-content\/uploads\/2024\/09\/image4.png",1999,1559,false],"thumbnail":["https:\/\/grupoaaa.es\/wp-content\/uploads\/2024\/09\/image4-150x150.png",150,150,true],"medium":["https:\/\/grupoaaa.es\/wp-content\/uploads\/2024\/09\/image4-300x234.png",300,234,true],"medium_large":["https:\/\/grupoaaa.es\/wp-content\/uploads\/2024\/09\/image4-768x599.png",768,599,true],"large":["https:\/\/grupoaaa.es\/wp-content\/uploads\/2024\/09\/image4-1024x799.png",1024,799,true],"1536x1536":["https:\/\/grupoaaa.es\/wp-content\/uploads\/2024\/09\/image4-1536x1198.png",1536,1198,true],"2048x2048":["https:\/\/grupoaaa.es\/wp-content\/uploads\/2024\/09\/image4.png",1999,1559,false],"woocommerce_thumbnail":["https:\/\/grupoaaa.es\/wp-content\/uploads\/2024\/09\/image4-300x300.png",300,300,true],"woocommerce_single":["https:\/\/grupoaaa.es\/wp-content\/uploads\/2024\/09\/image4-600x468.png",600,468,true],"woocommerce_gallery_thumbnail":["https:\/\/grupoaaa.es\/wp-content\/uploads\/2024\/09\/image4-100x100.png",100,100,true]},"uagb_author_info":{"display_name":"Abid Ali Abid","author_link":"https:\/\/grupoaaa.es\/es\/author\/"},"uagb_comment_info":0,"uagb_excerpt":"GEL000B3 Caracter\u00edsticas: Lavadora carga frontal. Sin iris. \u00d8 lado cuba: 380 mm. \u00d8 lado mueble: 340 mm. Altura de la goma: 85 mm.","_links":{"self":[{"href":"https:\/\/grupoaaa.es\/es\/wp-json\/wp\/v2\/product\/3535","targetHints":{"allow":["GET"]}}],"collection":[{"href":"https:\/\/grupoaaa.es\/es\/wp-json\/wp\/v2\/product"}],"about":[{"href":"https:\/\/grupoaaa.es\/es\/wp-json\/wp\/v2\/types\/product"}],"replies":[{"embeddable":true,"href":"https:\/\/grupoaaa.es\/es\/wp-json\/wp\/v2\/comments?post=3535"}],"wp:featuredmedia":[{"embeddable":true,"href":"https:\/\/grupoaaa.es\/es\/wp-json\/wp\/v2\/media\/2878"}],"wp:attachment":[{"href":"https:\/\/grupoaaa.es\/es\/wp-json\/wp\/v2\/media?parent=3535"}],"wp:term":[{"taxonomy":"product_brand","embeddable":true,"href":"https:\/\/grupoaaa.es\/es\/wp-json\/wp\/v2\/product_brand?post=3535"},{"taxonomy":"product_cat","embeddable":true,"href":"https:\/\/grupoaaa.es\/es\/wp-json\/wp\/v2\/product_cat?post=3535"},{"taxonomy":"product_tag","embeddable":true,"href":"https:\/\/grupoaaa.es\/es\/wp-json\/wp\/v2\/product_tag?post=3535"}],"curies":[{"name":"wp","href":"https:\/\/api.w.org\/{rel}","templated":true}]}}