{"id":3423,"date":"2024-10-25T10:09:45","date_gmt":"2024-10-25T10:09:45","guid":{"rendered":"https:\/\/grupoaaa.es\/?post_type=product&#038;p=3423"},"modified":"2024-10-29T12:46:04","modified_gmt":"2024-10-29T12:46:04","slug":"bdl000bs-bomaba-lavadora-balay","status":"publish","type":"product","link":"https:\/\/grupoaaa.es\/es\/producto\/bdl000bs-bomaba-lavadora-balay\/","title":{"rendered":"BDL000BS-Bomaba lavadora Balay"},"content":{"rendered":"<p>Bomba desag\u00fce lavadora BOSCH, BALAY, SIEMENS<br \/>\nCaracter\u00edsticas: Antiblocante, s\u00edncrona. Copreci KEBS 111\/047. 30 W. Paso 5 lado hidr\u00e1ulica. Bayoneta 4 puntos. Con PTC. 3 Tubos. \u00d8 (mm):31;24;10. Auto limpiante. Vaciando abierto.<br \/>\nB\/S\/H: 00145212, 145212<br \/>\nModelos: Balay: TS883 VarioPerfect, TS885, BOSCH: Avantixx 8, NEFF: W7320F, SIEMENS: IQ500 VarioPerfect <\/p>\n","protected":false},"excerpt":{"rendered":"<p>Bomba desag\u00fce lavadora BOSCH, BALAY, SIEMENS<br \/>\nCaracter\u00edsticas: Antiblocante, s\u00edncrona. Copreci KEBS 111\/047. 30 W. Paso 5 lado hidr\u00e1ulica. Bayoneta 4 puntos. Con PTC. 3 Tubos. \u00d8 (mm):31;24;10. Auto limpiante. Vaciando abierto.<br \/>\nB\/S\/H: 00145212, 145212<br \/>\nModelos: Balay: TS883 VarioPerfect, TS885, BOSCH: Avantixx 8, NEFF: W7320F, SIEMENS: IQ500 VarioPerfect <\/p>\n","protected":false},"featured_media":3430,"comment_status":"open","ping_status":"closed","template":"","meta":{"_uag_custom_page_level_css":"","site-sidebar-layout":"default","site-content-layout":"","ast-site-content-layout":"default","site-content-style":"default","site-sidebar-style":"default","ast-global-header-display":"","ast-banner-title-visibility":"","ast-main-header-display":"","ast-hfb-above-header-display":"","ast-hfb-below-header-display":"","ast-hfb-mobile-header-display":"","site-post-title":"","ast-breadcrumbs-content":"","ast-featured-img":"","footer-sml-layout":"","theme-transparent-header-meta":"default","adv-header-id-meta":"","stick-header-meta":"","header-above-stick-meta":"","header-main-stick-meta":"","header-below-stick-meta":"","astra-migrate-meta-layouts":"set","ast-page-background-enabled":"default","ast-page-background-meta":{"desktop":{"background-color":"","background-image":"","background-repeat":"repeat","background-position":"center center","background-size":"auto","background-attachment":"scroll","background-type":"","background-media":"","overlay-type":"","overlay-color":"","overlay-opacity":"","overlay-gradient":""},"tablet":{"background-color":"","background-image":"","background-repeat":"repeat","background-position":"center center","background-size":"auto","background-attachment":"scroll","background-type":"","background-media":"","overlay-type":"","overlay-color":"","overlay-opacity":"","overlay-gradient":""},"mobile":{"background-color":"","background-image":"","background-repeat":"repeat","background-position":"center center","background-size":"auto","background-attachment":"scroll","background-type":"","background-media":"","overlay-type":"","overlay-color":"","overlay-opacity":"","overlay-gradient":""}},"ast-content-background-meta":{"desktop":{"background-color":"var(--ast-global-color-5)","background-image":"","background-repeat":"repeat","background-position":"center center","background-size":"auto","background-attachment":"scroll","background-type":"","background-media":"","overlay-type":"","overlay-color":"","overlay-opacity":"","overlay-gradient":""},"tablet":{"background-color":"var(--ast-global-color-5)","background-image":"","background-repeat":"repeat","background-position":"center center","background-size":"auto","background-attachment":"scroll","background-type":"","background-media":"","overlay-type":"","overlay-color":"","overlay-opacity":"","overlay-gradient":""},"mobile":{"background-color":"var(--ast-global-color-5)","background-image":"","background-repeat":"repeat","background-position":"center center","background-size":"auto","background-attachment":"scroll","background-type":"","background-media":"","overlay-type":"","overlay-color":"","overlay-opacity":"","overlay-gradient":""}}},"product_brand":[],"product_cat":[358,361,359,385],"product_tag":[],"class_list":{"0":"post-3423","1":"product","2":"type-product","3":"status-publish","4":"has-post-thumbnail","6":"product_cat-balay-es","7":"product_cat-bosch-es","8":"product_cat-repuestos-linea-blanca","9":"product_cat-repuestos-para-lavadoras","10":"desktop-align-left","11":"tablet-align-left","12":"mobile-align-left","14":"first","15":"instock","16":"taxable","17":"shipping-taxable","18":"purchasable","19":"product-type-simple"},"aioseo_notices":[],"uagb_featured_image_src":{"full":["https:\/\/grupoaaa.es\/wp-content\/uploads\/2024\/10\/S2c2d71358abb41e6a65f5cafb71204aeq-scaled.avif",2560,2080,false],"thumbnail":["https:\/\/grupoaaa.es\/wp-content\/uploads\/2024\/10\/S2c2d71358abb41e6a65f5cafb71204aeq-150x150.avif",150,150,true],"medium":["https:\/\/grupoaaa.es\/wp-content\/uploads\/2024\/10\/S2c2d71358abb41e6a65f5cafb71204aeq-300x244.avif",300,244,true],"medium_large":["https:\/\/grupoaaa.es\/wp-content\/uploads\/2024\/10\/S2c2d71358abb41e6a65f5cafb71204aeq-768x624.avif",768,624,true],"large":["https:\/\/grupoaaa.es\/wp-content\/uploads\/2024\/10\/S2c2d71358abb41e6a65f5cafb71204aeq-1024x832.avif",1024,832,true],"1536x1536":["https:\/\/grupoaaa.es\/wp-content\/uploads\/2024\/10\/S2c2d71358abb41e6a65f5cafb71204aeq-1536x1248.avif",1536,1248,true],"2048x2048":["https:\/\/grupoaaa.es\/wp-content\/uploads\/2024\/10\/S2c2d71358abb41e6a65f5cafb71204aeq-2048x1664.avif",2048,1664,true],"woocommerce_thumbnail":["https:\/\/grupoaaa.es\/wp-content\/uploads\/2024\/10\/S2c2d71358abb41e6a65f5cafb71204aeq-300x300.avif",300,300,true],"woocommerce_single":["https:\/\/grupoaaa.es\/wp-content\/uploads\/2024\/10\/S2c2d71358abb41e6a65f5cafb71204aeq-600x488.avif",600,488,true],"woocommerce_gallery_thumbnail":["https:\/\/grupoaaa.es\/wp-content\/uploads\/2024\/10\/S2c2d71358abb41e6a65f5cafb71204aeq-100x100.avif",100,100,true]},"uagb_author_info":{"display_name":"Abid Ali Abid","author_link":"https:\/\/grupoaaa.es\/es\/author\/"},"uagb_comment_info":0,"uagb_excerpt":"Bomba desag\u00fce lavadora BOSCH, BALAY, SIEMENS Caracter\u00edsticas: Antiblocante, s\u00edncrona. Copreci KEBS 111\/047. 30 W. Paso 5 lado hidr\u00e1ulica. Bayoneta 4 puntos. Con PTC. 3 Tubos. \u00d8 (mm):31;24;10. Auto limpiante. Vaciando abierto. B\/S\/H: 00145212, 145212 Modelos: Balay: TS883 VarioPerfect, TS885, BOSCH: Avantixx 8, NEFF: W7320F, SIEMENS: IQ500 VarioPerfect","_links":{"self":[{"href":"https:\/\/grupoaaa.es\/es\/wp-json\/wp\/v2\/product\/3423","targetHints":{"allow":["GET"]}}],"collection":[{"href":"https:\/\/grupoaaa.es\/es\/wp-json\/wp\/v2\/product"}],"about":[{"href":"https:\/\/grupoaaa.es\/es\/wp-json\/wp\/v2\/types\/product"}],"replies":[{"embeddable":true,"href":"https:\/\/grupoaaa.es\/es\/wp-json\/wp\/v2\/comments?post=3423"}],"wp:featuredmedia":[{"embeddable":true,"href":"https:\/\/grupoaaa.es\/es\/wp-json\/wp\/v2\/media\/3430"}],"wp:attachment":[{"href":"https:\/\/grupoaaa.es\/es\/wp-json\/wp\/v2\/media?parent=3423"}],"wp:term":[{"taxonomy":"product_brand","embeddable":true,"href":"https:\/\/grupoaaa.es\/es\/wp-json\/wp\/v2\/product_brand?post=3423"},{"taxonomy":"product_cat","embeddable":true,"href":"https:\/\/grupoaaa.es\/es\/wp-json\/wp\/v2\/product_cat?post=3423"},{"taxonomy":"product_tag","embeddable":true,"href":"https:\/\/grupoaaa.es\/es\/wp-json\/wp\/v2\/product_tag?post=3423"}],"curies":[{"name":"wp","href":"https:\/\/api.w.org\/{rel}","templated":true}]}}