{"id":2455,"date":"2024-09-24T18:56:57","date_gmt":"2024-09-24T18:56:57","guid":{"rendered":"https:\/\/grupoaaa.es\/product\/kryo-x26-mtb-modelo-z-copia\/"},"modified":"2024-10-29T12:50:43","modified_gmt":"2024-10-29T12:50:43","slug":"kryo-x26-mtb-modelo-z-copia","status":"publish","type":"product","link":"https:\/\/grupoaaa.es\/es\/producto\/kryo-x26-mtb-modelo-z-copia\/","title":{"rendered":"GEL000B1-Goma puerta Lavadora Bosch"},"content":{"rendered":"<p>Caracter\u00edsticas: Lavadora carga frontal. Pecado iris. \u00d8 lado cuba: 330 mm. \u00d8 lado mueble: 315 mm. Altura de la goma: 70 mm.<br \/>\n N\u00fameros de serie: 354135, 362254<br \/>\n Modelos: BALAY: WAE20062EE,3TS60106W,BOSCH: WFC2062,WFL1870EE,WFO246XEE,LYNX: 4TS750A,SIEMENS: WXLM973EE,WXLM1162BZ    <\/p>\n","protected":false},"excerpt":{"rendered":"<p>Caracter\u00edsticas: Lavadora carga frontal. Pecado iris. \u00d8 lado cuba: 330 mm. \u00d8 lado mueble: 315 mm. Altura de la goma: 70 mm.    <\/p>\n","protected":false},"featured_media":2857,"comment_status":"open","ping_status":"closed","template":"","meta":{"_uag_custom_page_level_css":"","site-sidebar-layout":"default","site-content-layout":"default","ast-site-content-layout":"default","site-content-style":"default","site-sidebar-style":"default","ast-global-header-display":"","ast-banner-title-visibility":"","ast-main-header-display":"","ast-hfb-above-header-display":"","ast-hfb-below-header-display":"","ast-hfb-mobile-header-display":"","site-post-title":"disabled","ast-breadcrumbs-content":"","ast-featured-img":"","footer-sml-layout":"","ast-disable-related-posts":"","theme-transparent-header-meta":"default","adv-header-id-meta":"","stick-header-meta":"","header-above-stick-meta":"","header-main-stick-meta":"","header-below-stick-meta":"","astra-migrate-meta-layouts":"set","ast-page-background-enabled":"default","ast-page-background-meta":{"desktop":{"background-color":"","background-image":"","background-repeat":"repeat","background-position":"center center","background-size":"auto","background-attachment":"scroll","background-type":"","background-media":"","overlay-type":"","overlay-color":"","overlay-opacity":"","overlay-gradient":""},"tablet":{"background-color":"","background-image":"","background-repeat":"repeat","background-position":"center center","background-size":"auto","background-attachment":"scroll","background-type":"","background-media":"","overlay-type":"","overlay-color":"","overlay-opacity":"","overlay-gradient":""},"mobile":{"background-color":"","background-image":"","background-repeat":"repeat","background-position":"center center","background-size":"auto","background-attachment":"scroll","background-type":"","background-media":"","overlay-type":"","overlay-color":"","overlay-opacity":"","overlay-gradient":""}},"ast-content-background-meta":{"desktop":{"background-color":"var(--ast-global-color-4)","background-image":"","background-repeat":"repeat","background-position":"center center","background-size":"auto","background-attachment":"scroll","background-type":"","background-media":"","overlay-type":"","overlay-color":"","overlay-opacity":"","overlay-gradient":""},"tablet":{"background-color":"var(--ast-global-color-4)","background-image":"","background-repeat":"repeat","background-position":"center center","background-size":"auto","background-attachment":"scroll","background-type":"","background-media":"","overlay-type":"","overlay-color":"","overlay-opacity":"","overlay-gradient":""},"mobile":{"background-color":"var(--ast-global-color-4)","background-image":"","background-repeat":"repeat","background-position":"center center","background-size":"auto","background-attachment":"scroll","background-type":"","background-media":"","overlay-type":"","overlay-color":"","overlay-opacity":"","overlay-gradient":""}}},"product_brand":[],"product_cat":[358,361,359,385],"product_tag":[],"class_list":{"0":"post-2455","1":"product","2":"type-product","3":"status-publish","4":"has-post-thumbnail","6":"product_cat-balay-es","7":"product_cat-bosch-es","8":"product_cat-repuestos-linea-blanca","9":"product_cat-repuestos-para-lavadoras","10":"desktop-align-left","11":"tablet-align-left","12":"mobile-align-left","14":"first","15":"instock","16":"taxable","17":"shipping-taxable","18":"purchasable","19":"product-type-simple"},"aioseo_notices":[],"uagb_featured_image_src":{"full":["https:\/\/grupoaaa.es\/wp-content\/uploads\/2024\/09\/image64.png",1428,1136,false],"thumbnail":["https:\/\/grupoaaa.es\/wp-content\/uploads\/2024\/09\/image64-150x150.png",150,150,true],"medium":["https:\/\/grupoaaa.es\/wp-content\/uploads\/2024\/09\/image64-300x239.png",300,239,true],"medium_large":["https:\/\/grupoaaa.es\/wp-content\/uploads\/2024\/09\/image64-768x611.png",768,611,true],"large":["https:\/\/grupoaaa.es\/wp-content\/uploads\/2024\/09\/image64-1024x815.png",1024,815,true],"1536x1536":["https:\/\/grupoaaa.es\/wp-content\/uploads\/2024\/09\/image64.png",1428,1136,false],"2048x2048":["https:\/\/grupoaaa.es\/wp-content\/uploads\/2024\/09\/image64.png",1428,1136,false],"woocommerce_thumbnail":["https:\/\/grupoaaa.es\/wp-content\/uploads\/2024\/09\/image64-300x300.png",300,300,true],"woocommerce_single":["https:\/\/grupoaaa.es\/wp-content\/uploads\/2024\/09\/image64-600x477.png",600,477,true],"woocommerce_gallery_thumbnail":["https:\/\/grupoaaa.es\/wp-content\/uploads\/2024\/09\/image64-100x100.png",100,100,true]},"uagb_author_info":{"display_name":"Abid Ali Abid","author_link":"https:\/\/grupoaaa.es\/es\/author\/"},"uagb_comment_info":0,"uagb_excerpt":"Caracter\u00edsticas: Lavadora carga frontal. Pecado iris. \u00d8 lado cuba: 330 mm. \u00d8 lado mueble: 315 mm. Altura de la goma: 70 mm.","_links":{"self":[{"href":"https:\/\/grupoaaa.es\/es\/wp-json\/wp\/v2\/product\/2455","targetHints":{"allow":["GET"]}}],"collection":[{"href":"https:\/\/grupoaaa.es\/es\/wp-json\/wp\/v2\/product"}],"about":[{"href":"https:\/\/grupoaaa.es\/es\/wp-json\/wp\/v2\/types\/product"}],"replies":[{"embeddable":true,"href":"https:\/\/grupoaaa.es\/es\/wp-json\/wp\/v2\/comments?post=2455"}],"wp:featuredmedia":[{"embeddable":true,"href":"https:\/\/grupoaaa.es\/es\/wp-json\/wp\/v2\/media\/2857"}],"wp:attachment":[{"href":"https:\/\/grupoaaa.es\/es\/wp-json\/wp\/v2\/media?parent=2455"}],"wp:term":[{"taxonomy":"product_brand","embeddable":true,"href":"https:\/\/grupoaaa.es\/es\/wp-json\/wp\/v2\/product_brand?post=2455"},{"taxonomy":"product_cat","embeddable":true,"href":"https:\/\/grupoaaa.es\/es\/wp-json\/wp\/v2\/product_cat?post=2455"},{"taxonomy":"product_tag","embeddable":true,"href":"https:\/\/grupoaaa.es\/es\/wp-json\/wp\/v2\/product_tag?post=2455"}],"curies":[{"name":"wp","href":"https:\/\/api.w.org\/{rel}","templated":true}]}}