{"id":2454,"date":"2024-09-24T18:56:35","date_gmt":"2024-09-24T18:56:35","guid":{"rendered":"https:\/\/grupoaaa.es\/product\/kryo-x26-mtb-modelo-x-copia\/"},"modified":"2024-10-25T17:18:28","modified_gmt":"2024-10-25T17:18:28","slug":"kryo-x26-mtb-modelo-x-copia","status":"publish","type":"product","link":"https:\/\/grupoaaa.es\/es\/producto\/kryo-x26-mtb-modelo-x-copia\/","title":{"rendered":"GEL000B2-Goma Puerta Lavadora BOSCH"},"content":{"rendered":"<p>Caracter\u00edsticas: Lavadora carga frontal. Iris abierta. \u00d8 lado cuba: 330 mm. \u00d8 lado mueble: 315 mm. Altura de la goma: 80 mm.<br \/>\n N\u00famero de serie: 361127, 11012879<br \/>\n Modelos: BOSCH: WAE2006EP, BALAY: SERIE EUROWSHER 6, 7 KG<br \/>\n Otras Marcas: CONSTRUCTA,LYNX,NEFF,PITSOS,ZELMAR,VIVA,NOVAMATIC,SIEMENS,PROFILO    <\/p>\n","protected":false},"excerpt":{"rendered":"<p>Caracter\u00edsticas: Lavadora carga frontal. Iris abierta. \u00d8 lado cuba: 330 mm. \u00d8 lado mueble: 315 mm. Altura de la goma: 80 mm.    <\/p>\n","protected":false},"featured_media":2876,"comment_status":"open","ping_status":"closed","template":"","meta":{"_uag_custom_page_level_css":"","site-sidebar-layout":"default","site-content-layout":"default","ast-site-content-layout":"default","site-content-style":"default","site-sidebar-style":"default","ast-global-header-display":"","ast-banner-title-visibility":"","ast-main-header-display":"","ast-hfb-above-header-display":"","ast-hfb-below-header-display":"","ast-hfb-mobile-header-display":"","site-post-title":"disabled","ast-breadcrumbs-content":"","ast-featured-img":"","footer-sml-layout":"","theme-transparent-header-meta":"default","adv-header-id-meta":"","stick-header-meta":"","header-above-stick-meta":"","header-main-stick-meta":"","header-below-stick-meta":"","astra-migrate-meta-layouts":"default","ast-page-background-enabled":"default","ast-page-background-meta":{"desktop":{"background-color":"","background-image":"","background-repeat":"repeat","background-position":"center center","background-size":"auto","background-attachment":"scroll","background-type":"","background-media":"","overlay-type":"","overlay-color":"","overlay-opacity":"","overlay-gradient":""},"tablet":{"background-color":"","background-image":"","background-repeat":"repeat","background-position":"center center","background-size":"auto","background-attachment":"scroll","background-type":"","background-media":"","overlay-type":"","overlay-color":"","overlay-opacity":"","overlay-gradient":""},"mobile":{"background-color":"","background-image":"","background-repeat":"repeat","background-position":"center center","background-size":"auto","background-attachment":"scroll","background-type":"","background-media":"","overlay-type":"","overlay-color":"","overlay-opacity":"","overlay-gradient":""}},"ast-content-background-meta":{"desktop":{"background-color":"var(--ast-global-color-5)","background-image":"","background-repeat":"repeat","background-position":"center center","background-size":"auto","background-attachment":"scroll","background-type":"","background-media":"","overlay-type":"","overlay-color":"","overlay-opacity":"","overlay-gradient":""},"tablet":{"background-color":"var(--ast-global-color-5)","background-image":"","background-repeat":"repeat","background-position":"center center","background-size":"auto","background-attachment":"scroll","background-type":"","background-media":"","overlay-type":"","overlay-color":"","overlay-opacity":"","overlay-gradient":""},"mobile":{"background-color":"var(--ast-global-color-5)","background-image":"","background-repeat":"repeat","background-position":"center center","background-size":"auto","background-attachment":"scroll","background-type":"","background-media":"","overlay-type":"","overlay-color":"","overlay-opacity":"","overlay-gradient":""}}},"product_brand":[],"product_cat":[358,361,359,385],"product_tag":[],"class_list":{"0":"post-2454","1":"product","2":"type-product","3":"status-publish","4":"has-post-thumbnail","6":"product_cat-balay-es","7":"product_cat-bosch-es","8":"product_cat-repuestos-linea-blanca","9":"product_cat-repuestos-para-lavadoras","10":"desktop-align-left","11":"tablet-align-left","12":"mobile-align-left","14":"first","15":"instock","16":"taxable","17":"shipping-taxable","18":"purchasable","19":"product-type-simple"},"aioseo_notices":[],"uagb_featured_image_src":{"full":["https:\/\/grupoaaa.es\/wp-content\/uploads\/2024\/09\/image15.png",1354,1024,false],"thumbnail":["https:\/\/grupoaaa.es\/wp-content\/uploads\/2024\/09\/image15-150x150.png",150,150,true],"medium":["https:\/\/grupoaaa.es\/wp-content\/uploads\/2024\/09\/image15-300x227.png",300,227,true],"medium_large":["https:\/\/grupoaaa.es\/wp-content\/uploads\/2024\/09\/image15-768x581.png",768,581,true],"large":["https:\/\/grupoaaa.es\/wp-content\/uploads\/2024\/09\/image15-1024x774.png",1024,774,true],"1536x1536":["https:\/\/grupoaaa.es\/wp-content\/uploads\/2024\/09\/image15.png",1354,1024,false],"2048x2048":["https:\/\/grupoaaa.es\/wp-content\/uploads\/2024\/09\/image15.png",1354,1024,false],"woocommerce_thumbnail":["https:\/\/grupoaaa.es\/wp-content\/uploads\/2024\/09\/image15-300x300.png",300,300,true],"woocommerce_single":["https:\/\/grupoaaa.es\/wp-content\/uploads\/2024\/09\/image15-600x454.png",600,454,true],"woocommerce_gallery_thumbnail":["https:\/\/grupoaaa.es\/wp-content\/uploads\/2024\/09\/image15-100x100.png",100,100,true]},"uagb_author_info":{"display_name":"Abid Ali Abid","author_link":"https:\/\/grupoaaa.es\/es\/author\/"},"uagb_comment_info":0,"uagb_excerpt":"Caracter\u00edsticas: Lavadora carga frontal. Iris abierta. \u00d8 lado cuba: 330 mm. \u00d8 lado mueble: 315 mm. Altura de la goma: 80 mm.","_links":{"self":[{"href":"https:\/\/grupoaaa.es\/es\/wp-json\/wp\/v2\/product\/2454","targetHints":{"allow":["GET"]}}],"collection":[{"href":"https:\/\/grupoaaa.es\/es\/wp-json\/wp\/v2\/product"}],"about":[{"href":"https:\/\/grupoaaa.es\/es\/wp-json\/wp\/v2\/types\/product"}],"replies":[{"embeddable":true,"href":"https:\/\/grupoaaa.es\/es\/wp-json\/wp\/v2\/comments?post=2454"}],"wp:featuredmedia":[{"embeddable":true,"href":"https:\/\/grupoaaa.es\/es\/wp-json\/wp\/v2\/media\/2876"}],"wp:attachment":[{"href":"https:\/\/grupoaaa.es\/es\/wp-json\/wp\/v2\/media?parent=2454"}],"wp:term":[{"taxonomy":"product_brand","embeddable":true,"href":"https:\/\/grupoaaa.es\/es\/wp-json\/wp\/v2\/product_brand?post=2454"},{"taxonomy":"product_cat","embeddable":true,"href":"https:\/\/grupoaaa.es\/es\/wp-json\/wp\/v2\/product_cat?post=2454"},{"taxonomy":"product_tag","embeddable":true,"href":"https:\/\/grupoaaa.es\/es\/wp-json\/wp\/v2\/product_tag?post=2454"}],"curies":[{"name":"wp","href":"https:\/\/api.w.org\/{rel}","templated":true}]}}