{"id":3173,"date":"2024-10-09T17:35:08","date_gmt":"2024-10-09T17:35:08","guid":{"rendered":"https:\/\/grupoaaa.es\/terminos-y-condiciones\/"},"modified":"2024-10-17T12:38:04","modified_gmt":"2024-10-17T12:38:04","slug":"terminos-y-condiciones","status":"publish","type":"page","link":"https:\/\/grupoaaa.es\/es\/terminos-y-condiciones\/","title":{"rendered":"T\u00e9rminos y condiciones"},"content":{"rendered":"\n<p>\u00daltima actualizaci\u00f3n:  abril 22, 2026<\/p>\n\n<p>\u00a1Bienvenido a Grupo AAA!<\/p>\n\n<p>Estos T\u00e9rminos y Condiciones describen las reglas y regulaciones para el uso del sitio web de Grupo AAA, accesible en <a href=\"https:\/\/grupoaaa.es\/es\/\" title=\"\">https:\/\/grupoaaa.es\/<\/a> .<\/p>\n\n<p>Al acceder a este sitio web, asumimos que acepta estos T\u00e9rminos y condiciones en su totalidad. Si no acepta estos T\u00e9rminos y condiciones, no utilice nuestro sitio web. <\/p>\n\n<h2 class=\"wp-block-heading\">1. Definiciones<\/h2>\n\n<ul class=\"wp-block-list\">\n<li><strong>\u201cSitio web\u201d<\/strong> se refiere a <a href=\"https:\/\/grupoaaa.es\/es\/\">https:\/\/grupoaaa.es\/<\/a> .<\/li>\n\n\n\n<li><strong>\u201cNosotros\u201d, \u201cnos\u201d y \u201cnuestro\u201d<\/strong> se refieren a Grupo AAA.<\/li>\n\n\n\n<li>&#8220;Usuario&#8221;, &#8220;usted&#8221; y &#8220;su&#8221; se refieren al individuo que accede al sitio web.<\/li>\n<\/ul>\n\n<h2 class=\"wp-block-heading\">2. Uso del Sitio Web<\/h2>\n\n<p>Debes tener al menos 18 a\u00f1os para utilizar nuestro sitio web. Al utilizar este sitio web, garantizas que tienes al menos 18 a\u00f1os. <\/p>\n\n<p>Usted acepta utilizar el sitio web \u00fanicamente para fines legales y de una manera que no infrinja los derechos de ninguna otra persona ni restrinja o inhiba el uso del sitio web por parte de terceros.<\/p>\n\n<h2 class=\"wp-block-heading\">3. Derechos de propiedad intelectual<\/h2>\n\n<p>A menos que se indique lo contrario, somos los propietarios de los derechos de propiedad intelectual de todo el material de este sitio web. Todos los derechos de propiedad intelectual est\u00e1n reservados. Puede ver y\/o imprimir p\u00e1ginas de <a href=\"https:\/\/grupoaaa.es\/es\/\">https:\/\/grupoaaa.es\/<\/a> para su uso personal, sujeto a las restricciones establecidas en estos T\u00e9rminos y Condiciones.  <\/p>\n\n<h2 class=\"wp-block-heading\">4. Cuentas de usuario<\/h2>\n\n<p>Algunas partes del sitio web pueden requerir que usted cree una cuenta. Usted es responsable de mantener la confidencialidad de la informaci\u00f3n de su cuenta y de restringir el acceso a su computadora. Usted acepta la responsabilidad por todas las actividades que ocurran en su cuenta.  <\/p>\n\n<h2 class=\"wp-block-heading\">5. Productos y servicios<\/h2>\n\n<p>Nos reservamos el derecho de modificar o discontinuar cualquier producto o servicio sin previo aviso. Los precios de nuestros productos est\u00e1n sujetos a cambios sin previo aviso. <\/p>\n\n<h2 class=\"wp-block-heading\">6. Condiciones de pago<\/h2>\n\n<p>Todos los pagos deben realizarse de acuerdo con los m\u00e9todos de pago disponibles en nuestro sitio web. No asumimos ninguna responsabilidad por errores en los pagos realizados a trav\u00e9s de servicios de terceros. <\/p>\n\n<h2 class=\"wp-block-heading\">7. Limitaci\u00f3n de responsabilidad<\/h2>\n\n<p>En ning\u00fan caso Grupo AAA, ni ninguno de sus funcionarios, directores y empleados, ser\u00e1n responsables de ning\u00fan da\u00f1o indirecto, consecuente o incidental que surja del uso o la imposibilidad de usar el sitio web.<\/p>\n\n<h2 class=\"wp-block-heading\">8. Ley aplicable<\/h2>\n\n<p>Estos T\u00e9rminos y Condiciones se regir\u00e1n e interpretar\u00e1n de conformidad con las leyes de Espa\u00f1a.<\/p>\n\n<h2 class=\"wp-block-heading\">9. Cambios a estos T\u00e9rminos<\/h2>\n\n<p>Es posible que revisemos estos T\u00e9rminos y Condiciones de vez en cuando. Cualquier cambio se publicar\u00e1 en esta p\u00e1gina y se recomienda revisarla peri\u00f3dicamente para ver si hay cambios. <\/p>\n\n<h2 class=\"wp-block-heading\">10. Informaci\u00f3n de contacto<\/h2>\n\n<p>Si tiene alguna pregunta sobre estos T\u00e9rminos y Condiciones, comun\u00edquese con nosotros:<\/p>\n\n<ul class=\"wp-block-list\">\n<li><strong>Direcci\u00f3n:<\/strong> Avenida Alfonso XIII 115, 08912 Badalona, Barcelona, Espa\u00f1a<\/li>\n\n\n\n<li><strong>Tel\u00e9fono:<\/strong> +34 933 87 79 98<\/li>\n\n\n\n<li><strong>Correo electr\u00f3nico:<\/strong> <a href=\"mailto:info@grupoaaa.es\" title=\"info@grupoaaa.es\">info@grupoaaa.es<\/a><\/li>\n<\/ul>\n\n<p><\/p>\n","protected":false},"excerpt":{"rendered":"<p>\u00daltima actualizaci\u00f3n: \u00a1Bienvenido a Grupo AAA! Estos T\u00e9rminos y Condiciones describen las reglas y regulaciones para el uso del sitio web de Grupo AAA, accesible en https:\/\/grupoaaa.es\/ . Al acceder a este sitio web, asumimos que acepta estos T\u00e9rminos y condiciones en su totalidad. Si no acepta estos T\u00e9rminos y condiciones, no utilice nuestro sitio [&hellip;]<\/p>\n","protected":false},"author":1,"featured_media":0,"parent":0,"menu_order":0,"comment_status":"closed","ping_status":"closed","template":"","meta":{"_uag_custom_page_level_css":"","site-sidebar-layout":"default","site-content-layout":"","ast-site-content-layout":"default","site-content-style":"default","site-sidebar-style":"default","ast-global-header-display":"","ast-banner-title-visibility":"","ast-main-header-display":"","ast-hfb-above-header-display":"","ast-hfb-below-header-display":"","ast-hfb-mobile-header-display":"","site-post-title":"","ast-breadcrumbs-content":"","ast-featured-img":"","footer-sml-layout":"","theme-transparent-header-meta":"","adv-header-id-meta":"","stick-header-meta":"","header-above-stick-meta":"","header-main-stick-meta":"","header-below-stick-meta":"","astra-migrate-meta-layouts":"default","ast-page-background-enabled":"default","ast-page-background-meta":{"desktop":{"background-color":"","background-image":"","background-repeat":"repeat","background-position":"center center","background-size":"auto","background-attachment":"scroll","background-type":"","background-media":"","overlay-type":"","overlay-color":"","overlay-opacity":"","overlay-gradient":""},"tablet":{"background-color":"","background-image":"","background-repeat":"repeat","background-position":"center center","background-size":"auto","background-attachment":"scroll","background-type":"","background-media":"","overlay-type":"","overlay-color":"","overlay-opacity":"","overlay-gradient":""},"mobile":{"background-color":"","background-image":"","background-repeat":"repeat","background-position":"center center","background-size":"auto","background-attachment":"scroll","background-type":"","background-media":"","overlay-type":"","overlay-color":"","overlay-opacity":"","overlay-gradient":""}},"ast-content-background-meta":{"desktop":{"background-color":"var(--ast-global-color-5)","background-image":"","background-repeat":"repeat","background-position":"center center","background-size":"auto","background-attachment":"scroll","background-type":"","background-media":"","overlay-type":"","overlay-color":"","overlay-opacity":"","overlay-gradient":""},"tablet":{"background-color":"var(--ast-global-color-5)","background-image":"","background-repeat":"repeat","background-position":"center center","background-size":"auto","background-attachment":"scroll","background-type":"","background-media":"","overlay-type":"","overlay-color":"","overlay-opacity":"","overlay-gradient":""},"mobile":{"background-color":"var(--ast-global-color-5)","background-image":"","background-repeat":"repeat","background-position":"center center","background-size":"auto","background-attachment":"scroll","background-type":"","background-media":"","overlay-type":"","overlay-color":"","overlay-opacity":"","overlay-gradient":""}},"footnotes":""},"class_list":["post-3173","page","type-page","status-publish","hentry"],"aioseo_notices":[],"uagb_featured_image_src":{"full":false,"thumbnail":false,"medium":false,"medium_large":false,"large":false,"1536x1536":false,"2048x2048":false,"woocommerce_thumbnail":false,"woocommerce_single":false,"woocommerce_gallery_thumbnail":false},"uagb_author_info":{"display_name":"Abid Ali Abid","author_link":"https:\/\/grupoaaa.es\/es\/author\/aaa-frioindus-electrodomesticosgmail-com\/"},"uagb_comment_info":0,"uagb_excerpt":"\u00daltima actualizaci\u00f3n: \u00a1Bienvenido a Grupo AAA! Estos T\u00e9rminos y Condiciones describen las reglas y regulaciones para el uso del sitio web de Grupo AAA, accesible en https:\/\/grupoaaa.es\/ . Al acceder a este sitio web, asumimos que acepta estos T\u00e9rminos y condiciones en su totalidad. Si no acepta estos T\u00e9rminos y condiciones, no utilice nuestro sitio&hellip;","_links":{"self":[{"href":"https:\/\/grupoaaa.es\/es\/wp-json\/wp\/v2\/pages\/3173","targetHints":{"allow":["GET"]}}],"collection":[{"href":"https:\/\/grupoaaa.es\/es\/wp-json\/wp\/v2\/pages"}],"about":[{"href":"https:\/\/grupoaaa.es\/es\/wp-json\/wp\/v2\/types\/page"}],"author":[{"embeddable":true,"href":"https:\/\/grupoaaa.es\/es\/wp-json\/wp\/v2\/users\/1"}],"replies":[{"embeddable":true,"href":"https:\/\/grupoaaa.es\/es\/wp-json\/wp\/v2\/comments?post=3173"}],"version-history":[{"count":3,"href":"https:\/\/grupoaaa.es\/es\/wp-json\/wp\/v2\/pages\/3173\/revisions"}],"predecessor-version":[{"id":3198,"href":"https:\/\/grupoaaa.es\/es\/wp-json\/wp\/v2\/pages\/3173\/revisions\/3198"}],"wp:attachment":[{"href":"https:\/\/grupoaaa.es\/es\/wp-json\/wp\/v2\/media?parent=3173"}],"curies":[{"name":"wp","href":"https:\/\/api.w.org\/{rel}","templated":true}]}}