{"id":2427,"date":"2024-09-20T16:02:48","date_gmt":"2024-09-20T16:02:48","guid":{"rendered":"https:\/\/grupoaaa.es\/ponte-en-contacto-con\/"},"modified":"2026-02-25T08:52:12","modified_gmt":"2026-02-25T08:52:12","slug":"ponte-en-contacto-con","status":"publish","type":"page","link":"https:\/\/grupoaaa.es\/es\/ponte-en-contacto-con\/","title":{"rendered":"Ponte en contacto con"},"content":{"rendered":"\n<div class=\"wp-block-uagb-container uagb-block-bb8d979d alignfull uagb-is-root-container\"><div class=\"uagb-container-inner-blocks-wrap\">\n<div class=\"wp-block-uagb-advanced-heading uagb-block-2ca3b6bc\"><h1 class=\"uagb-heading-text\">Contacta con nosotros<\/h1><\/div>\n<\/div><\/div>\n\n\n\n<div class=\"wp-block-uagb-container uagb-block-bd673ba8 alignfull uagb-is-root-container\">\n<iframe src=\"https:\/\/www.google.com\/maps\/embed?pb=!1m18!1m12!1m3!1d2990.8568453564144!2d2.2315603768611254!3d41.44232777129302!2m3!1f0!2f0!3f0!3m2!1i1024!2i768!4f13.1!3m3!1m2!1s0x12a4bb6bee9f1bad%3A0x4d4af8b916d555ec!2sGrupo%20Triple%20A%20Abid%20Ali%20Abid%20S.L.!5e0!3m2!1sen!2sus!4v1727210050854!5m2!1sen!2sus\" width=\"auto\" height=\"400\" style=\"border:0;\" allowfullscreen=\"\" loading=\"lazy\" referrerpolicy=\"no-referrer-when-downgrade\"><\/iframe>\n<\/div>\n\n\n\n<div class=\"wp-block-uagb-container uagb-block-49f32b79 alignfull uagb-is-root-container\"><div class=\"uagb-container-inner-blocks-wrap\">\n<div class=\"wp-block-uagb-info-box uagb-block-043ee4d8 uagb-infobox__content-wrap  uagb-infobox-icon-above-title uagb-infobox-image-valign-top wp-block-uagb-info-box--has-margin\"><div class=\"uagb-infobox-margin-wrapper\"><div class=\"uagb-ifb-content\"><div class=\"uagb-ifb-icon-wrap\"><svg xmlns=\"https:\/\/www.w3.org\/2000\/svg\" viewBox=\"0 0 640 512\"><path d=\"M416 32C451.3 32 480 60.65 480 96V144H528.8C545.6 144 561.5 151.5 572.2 164.5L630.1 236.4C636.8 243.5 640 252.5 640 261.7V352C640 369.7 625.7 384 608 384H606.4C607.4 389.2 608 394.5 608 400C608 444.2 572.2 480 528 480C483.8 480 448 444.2 448 400C448 394.5 448.6 389.2 449.6 384H286.4C287.4 389.2 288 394.5 288 400C288 444.2 252.2 480 208 480C181.8 480 158.6 467.4 144 448C129.4 467.4 106.2 480 80 480C35.82 480 0 444.2 0 400V96C0 60.65 28.65 32 64 32H416zM535 194.9C533.5 193.1 531.2 192 528.8 192H480V256H584.1L535 194.9zM528 432C545.7 432 560 417.7 560 400C560 382.3 545.7 368 528 368C510.3 368 496 382.3 496 400C496 417.7 510.3 432 528 432zM208 368C190.3 368 176 382.3 176 400C176 417.7 190.3 432 208 432C225.7 432 240 417.7 240 400C240 382.3 225.7 368 208 368zM80 432C97.67 432 112 417.7 112 400C112 382.3 97.67 368 80 368C62.33 368 48 382.3 48 400C48 417.7 62.33 432 80 432z\"><\/path><\/svg><\/div><div class=\"uagb-ifb-title-wrap\"><h5 class=\"uagb-ifb-title\">+34 933 87 79 98<\/h5><\/div><p class=\"uagb-ifb-desc\">Consultas relacionadas con las ventas<\/p><\/div><\/div><\/div>\n\n\n\n<div class=\"wp-block-uagb-info-box uagb-block-b4424f36 uagb-infobox__content-wrap  uagb-infobox-icon-above-title uagb-infobox-image-valign-top wp-block-uagb-info-box--has-margin\"><div class=\"uagb-infobox-margin-wrapper\"><div class=\"uagb-ifb-content\"><div class=\"uagb-ifb-icon-wrap\"><svg xmlns=\"https:\/\/www.w3.org\/2000\/svg\" viewBox=\"0 0 512 512\"><path d=\"M502.6 182.6l-45.25-45.25C451.4 131.4 443.3 128 434.8 128H384V80C384 53.5 362.5 32 336 32h-160C149.5 32 128 53.5 128 80V128H77.25c-8.5 0-16.62 3.375-22.62 9.375L9.375 182.6C3.375 188.6 0 196.8 0 205.3V304h128v-32C128 263.1 135.1 256 144 256h32C184.9 256 192 263.1 192 272v32h128v-32C320 263.1 327.1 256 336 256h32C376.9 256 384 263.1 384 272v32h128V205.3C512 196.8 508.6 188.6 502.6 182.6zM336 128h-160V80h160V128zM384 368c0 8.875-7.125 16-16 16h-32c-8.875 0-16-7.125-16-16v-32H192v32C192 376.9 184.9 384 176 384h-32C135.1 384 128 376.9 128 368v-32H0V448c0 17.62 14.38 32 32 32h448c17.62 0 32-14.38 32-32v-112h-128V368z\"><\/path><\/svg><\/div><div class=\"uagb-ifb-title-wrap\"><h5 class=\"uagb-ifb-title\">+34 632 43 27 72<\/h5><\/div><p class=\"uagb-ifb-desc\">Consultas relacionadas con el servicio<\/p><\/div><\/div><\/div>\n\n\n\n<div class=\"wp-block-uagb-info-box uagb-block-3cef9d6a uagb-infobox__content-wrap  uagb-infobox-icon-above-title uagb-infobox-image-valign-top wp-block-uagb-info-box--has-margin\"><div class=\"uagb-infobox-margin-wrapper\"><div class=\"uagb-ifb-content\"><div class=\"uagb-ifb-icon-wrap\"><svg xmlns=\"https:\/\/www.w3.org\/2000\/svg\" viewBox=\"0 0 576 512\"><path d=\"M495.5 223.2C491.6 223.7 487.6 224 483.4 224C457.4 224 434.2 212.6 418.3 195C402.4 212.6 379.2 224 353.1 224C327 224 303.8 212.6 287.9 195C272 212.6 248.9 224 222.7 224C196.7 224 173.5 212.6 157.6 195C141.7 212.6 118.5 224 92.36 224C88.3 224 84.21 223.7 80.24 223.2C24.92 215.8-1.255 150.6 28.33 103.8L85.66 13.13C90.76 4.979 99.87 0 109.6 0H466.4C476.1 0 485.2 4.978 490.3 13.13L547.6 103.8C577.3 150.7 551 215.8 495.5 223.2H495.5zM499.7 254.9C503.1 254.4 508 253.6 512 252.6V448C512 483.3 483.3 512 448 512H128C92.66 512 64 483.3 64 448V252.6C67.87 253.6 71.86 254.4 75.97 254.9L76.09 254.9C81.35 255.6 86.83 256 92.36 256C104.8 256 116.8 254.1 128 250.6V384H448V250.7C459.2 254.1 471.1 256 483.4 256C489 256 494.4 255.6 499.7 254.9L499.7 254.9z\"><\/path><\/svg><\/div><div class=\"uagb-ifb-title-wrap\"><h5 class=\"uagb-ifb-title\">+34 632 43 27 72<\/h5><\/div><p class=\"uagb-ifb-desc\">Consultas relacionadas con el concesionario<\/p><\/div><\/div><\/div>\n<\/div><\/div>\n\n\n\n<div class=\"wp-block-uagb-container uagb-block-052d5151 alignfull uagb-is-root-container\"><div class=\"uagb-container-inner-blocks-wrap\">\n<div class=\"wp-block-uagb-container uag-blocks-common-selector uagb-block-5c5c8953\">\n<div class=\"wp-block-uagb-advanced-heading uagb-block-2d02615c\"><h3 class=\"uagb-heading-text\">Pong\u00e1monos en contacto<\/h3><\/div>\n\n\n\n<div class=\"wp-block-uagb-forms uagb-forms__outer-wrap uagb-block-9eefc7a2 uagb-forms__default-btn\"><form class=\"uagb-forms-main-form\" method=\"post\" autocomplete=\"on\" name=\"uagb-form-9eefc7a2\">\n<div class=\"wp-block-uagb-forms-name uagb-forms-name-wrap uagb-forms-field-set uagb-block-14e73f35 uag-col-2\"><div class=\"uagb-forms-name-label  uagb-forms-input-label\" id=\"14e73f35\">First Name<\/div><input type=\"text\" placeholder=\"First name\" class=\"uagb-forms-name-input uagb-forms-input\" name=\"14e73f35\" autocomplete=\"given-name\"\/><\/div>\n\n\n\n<div class=\"wp-block-uagb-forms-name uagb-forms-name-wrap uagb-forms-field-set uagb-block-55f634fe uag-col-2\"><div class=\"uagb-forms-name-label  uagb-forms-input-label\" id=\"55f634fe\">Last Name<\/div><input type=\"text\" placeholder=\"Last name\" class=\"uagb-forms-name-input uagb-forms-input\" name=\"55f634fe\" autocomplete=\"family-name\"\/><\/div>\n\n\n\n<div class=\"wp-block-uagb-forms-email uagb-forms-email-wrap uagb-forms-field-set uagb-block-01466886\"><div class=\"uagb-forms-email-label  uagb-forms-input-label\" id=\"01466886\">Email<\/div><input type=\"email\" class=\"uagb-forms-email-input uagb-forms-input\" placeholder=\"Enter email address\" name=\"01466886\" autocomplete=\"email\"\/><\/div>\n\n\n\n<div class=\"wp-block-uagb-forms-textarea uagb-forms-textarea-wrap uagb-forms-field-set uagb-block-fd11a2dd\"><div class=\"uagb-forms-textarea-label required uagb-forms-input-label\" id=\"fd11a2dd\">Message<\/div><textarea required class=\"uagb-forms-textarea-input uagb-forms-input\" rows=\"6\" placeholder=\"Enter your message\" name=\"fd11a2dd\" autocomplete=\"off\"><\/textarea><\/div>\n<div class=\"uagb-forms-form-hidden-data\"><input type=\"hidden\" class=\"uagb_forms_form_label\" value=\"Spectra Form\"\/><input type=\"hidden\" class=\"uagb_forms_form_id\" value=\"uagb-form-9eefc7a2\"\/><\/div><div class=\"uagb-form-reacaptcha-error-9eefc7a2\"><\/div><div class=\"uagb-forms-main-submit-button-wrap wp-block-button\"><button class=\"uagb-forms-main-submit-button wp-block-button__link\"><div class=\"uagb-forms-main-submit-button-text\">SEND MESSAGE<\/div><\/button><\/div><\/form><div class=\"uagb-forms-success-message-9eefc7a2 uagb-forms-submit-message-hide\"><span>The form has been submitted successfully!<\/span><\/div><div class=\"uagb-forms-failed-message-9eefc7a2 uagb-forms-submit-message-hide\"><span>There has been some error while submitting the form. Please verify all form fields again.<\/span><\/div><\/div>\n<\/div>\n\n\n\n<div class=\"wp-block-uagb-container uagb-block-e9ff9990\">\n<div class=\"wp-block-uagb-advanced-heading uagb-block-59e3f7d7\"><h3 class=\"uagb-heading-text\">Datos de contacto<\/h3><\/div>\n\n\n\n<div class=\"wp-block-uagb-advanced-heading uagb-block-1b7f85b5\"><h5 class=\"uagb-heading-text\">Nuestro horario<\/h5><p class=\"uagb-desc-text\">09:00 &#8211; 20:00<br>Lunes &#8211; Viernes<\/p><\/div>\n\n\n\n<div class=\"wp-block-uagb-advanced-heading uagb-block-f3831e43\"><h5 class=\"uagb-heading-text\">Ubicaci\u00f3n<\/h5><p class=\"uagb-desc-text\">Avenida Alfonso XIII 115, 08912, Badalona, Barcelona, Espa\u00f1a<\/p><\/div>\n\n\n\n<div class=\"wp-block-uagb-advanced-heading uagb-block-ccb65d9b\"><h5 class=\"uagb-heading-text\">Contacta con nosotros<\/h5><p class=\"uagb-desc-text\">Tel\u00e9fono: +34 933 87 79 98<br>Correo electr\u00f3nico: info@grupoaaa.com<\/p><\/div>\n\n\n\n<p>Tel\u00e9fono para consultas por Whatsapp: 722883126<\/p>\n<\/div>\n<\/div><\/div>\n","protected":false},"excerpt":{"rendered":"<p>Contacta con nosotros Pong\u00e1monos en contacto Datos de contacto Nuestro horario 09:00 &#8211; 20:00Lunes &#8211; Viernes Ubicaci\u00f3n Avenida Alfonso XIII 115, 08912, Badalona, Barcelona, Espa\u00f1a Contacta con nosotros Tel\u00e9fono: +34 933 87 79 98Correo electr\u00f3nico: info@grupoaaa.com Tel\u00e9fono para consultas por Whatsapp: 722883126<\/p>\n","protected":false},"author":1,"featured_media":0,"parent":0,"menu_order":0,"comment_status":"closed","ping_status":"closed","template":"","meta":{"_uag_custom_page_level_css":"","site-sidebar-layout":"no-sidebar","site-content-layout":"plain-container","ast-site-content-layout":"normal-width-container","site-content-style":"unboxed","site-sidebar-style":"unboxed","ast-global-header-display":"","ast-banner-title-visibility":"","ast-main-header-display":"","ast-hfb-above-header-display":"","ast-hfb-below-header-display":"","ast-hfb-mobile-header-display":"","site-post-title":"disabled","ast-breadcrumbs-content":"","ast-featured-img":"disabled","footer-sml-layout":"","theme-transparent-header-meta":"enabled","adv-header-id-meta":"","stick-header-meta":"","header-above-stick-meta":"","header-main-stick-meta":"","header-below-stick-meta":"","astra-migrate-meta-layouts":"set","ast-page-background-enabled":"default","ast-page-background-meta":{"desktop":{"background-color":"","background-image":"","background-repeat":"repeat","background-position":"center center","background-size":"auto","background-attachment":"scroll","background-type":"","background-media":"","overlay-type":"","overlay-color":"","overlay-opacity":"","overlay-gradient":""},"tablet":{"background-color":"","background-image":"","background-repeat":"repeat","background-position":"center center","background-size":"auto","background-attachment":"scroll","background-type":"","background-media":"","overlay-type":"","overlay-color":"","overlay-opacity":"","overlay-gradient":""},"mobile":{"background-color":"","background-image":"","background-repeat":"repeat","background-position":"center center","background-size":"auto","background-attachment":"scroll","background-type":"","background-media":"","overlay-type":"","overlay-color":"","overlay-opacity":"","overlay-gradient":""}},"ast-content-background-meta":{"desktop":{"background-color":"var(--ast-global-color-5)","background-image":"","background-repeat":"repeat","background-position":"center center","background-size":"auto","background-attachment":"scroll","background-type":"","background-media":"","overlay-type":"","overlay-color":"","overlay-opacity":"","overlay-gradient":""},"tablet":{"background-color":"var(--ast-global-color-5)","background-image":"","background-repeat":"repeat","background-position":"center center","background-size":"auto","background-attachment":"scroll","background-type":"","background-media":"","overlay-type":"","overlay-color":"","overlay-opacity":"","overlay-gradient":""},"mobile":{"background-color":"var(--ast-global-color-5)","background-image":"","background-repeat":"repeat","background-position":"center center","background-size":"auto","background-attachment":"scroll","background-type":"","background-media":"","overlay-type":"","overlay-color":"","overlay-opacity":"","overlay-gradient":""}},"footnotes":""},"class_list":["post-2427","page","type-page","status-publish","hentry"],"aioseo_notices":[],"uagb_featured_image_src":{"full":false,"thumbnail":false,"medium":false,"medium_large":false,"large":false,"1536x1536":false,"2048x2048":false,"woocommerce_thumbnail":false,"woocommerce_single":false,"woocommerce_gallery_thumbnail":false},"uagb_author_info":{"display_name":"Abid Ali Abid","author_link":"https:\/\/grupoaaa.es\/es\/author\/aaa-frioindus-electrodomesticosgmail-com\/"},"uagb_comment_info":0,"uagb_excerpt":"Contacta con nosotros Pong\u00e1monos en contacto Datos de contacto Nuestro horario 09:00 &#8211; 20:00Lunes &#8211; Viernes Ubicaci\u00f3n Avenida Alfonso XIII 115, 08912, Badalona, Barcelona, Espa\u00f1a Contacta con nosotros Tel\u00e9fono: +34 933 87 79 98Correo electr\u00f3nico: info@grupoaaa.com Tel\u00e9fono para consultas por Whatsapp: 722883126","_links":{"self":[{"href":"https:\/\/grupoaaa.es\/es\/wp-json\/wp\/v2\/pages\/2427","targetHints":{"allow":["GET"]}}],"collection":[{"href":"https:\/\/grupoaaa.es\/es\/wp-json\/wp\/v2\/pages"}],"about":[{"href":"https:\/\/grupoaaa.es\/es\/wp-json\/wp\/v2\/types\/page"}],"author":[{"embeddable":true,"href":"https:\/\/grupoaaa.es\/es\/wp-json\/wp\/v2\/users\/1"}],"replies":[{"embeddable":true,"href":"https:\/\/grupoaaa.es\/es\/wp-json\/wp\/v2\/comments?post=2427"}],"version-history":[{"count":6,"href":"https:\/\/grupoaaa.es\/es\/wp-json\/wp\/v2\/pages\/2427\/revisions"}],"predecessor-version":[{"id":8651,"href":"https:\/\/grupoaaa.es\/es\/wp-json\/wp\/v2\/pages\/2427\/revisions\/8651"}],"wp:attachment":[{"href":"https:\/\/grupoaaa.es\/es\/wp-json\/wp\/v2\/media?parent=2427"}],"curies":[{"name":"wp","href":"https:\/\/api.w.org\/{rel}","templated":true}]}}