{"id":2424,"date":"2024-09-20T16:02:48","date_gmt":"2024-09-20T16:02:48","guid":{"rendered":"https:\/\/grupoaaa.es\/quienes-somos\/"},"modified":"2024-10-22T17:28:38","modified_gmt":"2024-10-22T17:28:38","slug":"quienes-somos","status":"publish","type":"page","link":"https:\/\/grupoaaa.es\/es\/quienes-somos\/","title":{"rendered":"Qui\u00e9nes somos"},"content":{"rendered":"\n<div class=\"wp-block-uagb-container uagb-block-77ef3999 alignfull uagb-is-root-container\"><div class=\"uagb-container-inner-blocks-wrap\">\n<div class=\"wp-block-uagb-advanced-heading uagb-block-a0dfcabf\"><h1 class=\"uagb-heading-text\">Qui\u00e9nes somos<\/h1><\/div>\n\n\n\n<div class=\"wp-block-uagb-container uagb-block-15bc65d2\">\n<div class=\"wp-block-uagb-info-box uagb-block-f8db6f4f uagb-infobox__content-wrap  uagb-infobox-icon-above-title uagb-infobox-image-valign-top\"><div class=\"uagb-ifb-content\"><div class=\"uagb-ifb-icon-wrap\"><div class=\"uagb-iconbox-icon-wrap uagb-infobox-shape-circle\"><svg xmlns=\"https:\/\/www.w3.org\/2000\/svg\" viewbox=\"0 0 384 512\"><path d=\"M361 215C375.3 223.8 384 239.3 384 256C384 272.7 375.3 288.2 361 296.1L73.03 472.1C58.21 482 39.66 482.4 24.52 473.9C9.377 465.4 0 449.4 0 432V80C0 62.64 9.377 46.63 24.52 38.13C39.66 29.64 58.21 29.99 73.03 39.04L361 215z\"><\/path><\/svg><\/div><\/div><div class=\"uagb-ifb-title-wrap\"><h4 class=\"uagb-ifb-title\">Ver la pel\u00edcula<\/h4><\/div><\/div><\/div>\n<\/div>\n<\/div><\/div>\n\n<div class=\"wp-block-uagb-container uagb-block-6b97439c alignfull uagb-is-root-container\"><div class=\"uagb-container-inner-blocks-wrap\">\n<div class=\"wp-block-uagb-advanced-heading uagb-block-93a9a65d\"><h2 class=\"uagb-heading-text\">Explora las historias<\/h2><\/div>\n<\/div><\/div>\n\n<div class=\"wp-block-uagb-container uagb-layout-grid uagb-block-a21e7343 alignfull uagb-is-root-container\"><div class=\"uagb-container-inner-blocks-wrap\">\n<div class=\"wp-block-uagb-container uagb-block-bf6a7a47\">\n<div class=\"wp-block-uagb-advanced-heading uagb-block-401f5a88\"><h5 class=\"uagb-heading-text\">Establecimiento<\/h5><p class=\"uagb-desc-text\">2014<\/p><\/div>\n<\/div>\n\n\n\n<div class=\"wp-block-uagb-container uagb-block-f5d99c15\">\n<div class=\"wp-block-uagb-advanced-heading uagb-block-eac55b73\"><h4 class=\"uagb-heading-text\">Introducci\u00f3n de piezas de electrodom\u00e9sticos<\/h4><p class=\"uagb-desc-text\">2017<\/p><\/div>\n<\/div>\n\n\n\n<div class=\"wp-block-uagb-container uagb-block-f053c8e9\">\n<div class=\"wp-block-uagb-advanced-heading uagb-block-5e32f5cc\"><h5 class=\"uagb-heading-text\">Expansi\u00f3n<\/h5><p class=\"uagb-desc-text\">2016<\/p><\/div>\n<\/div>\n\n\n\n<div class=\"wp-block-uagb-container uagb-block-d71fe866\">\n<div class=\"wp-block-uagb-advanced-heading uagb-block-316c575b\"><h4 class=\"uagb-heading-text\">Comercio electr\u00f3nico  <\/h4><p class=\"uagb-desc-text\">2024<\/p><\/div>\n<\/div>\n\n\n\n<div class=\"wp-block-uagb-container uagb-block-d3443137\">\n<div class=\"wp-block-uagb-advanced-heading uagb-block-40513eea\"><h5 class=\"uagb-heading-text\">Alcance nacional\/global<\/h5><p class=\"uagb-desc-text\">2019<\/p><\/div>\n<\/div>\n\n\n\n<div class=\"wp-block-uagb-container uagb-block-e2ca5539\">\n<div class=\"wp-block-uagb-advanced-heading uagb-block-dd6166ac\"><h5 class=\"uagb-heading-text\">Innovaci\u00f3n futura<\/h5><p class=\"uagb-desc-text\">2024+<\/p><\/div>\n<\/div>\n<\/div><\/div>\n\n<div class=\"wp-block-uagb-container uagb-block-2a4f06fe alignfull uagb-is-root-container\"><div class=\"uagb-container-inner-blocks-wrap\">\n<div class=\"wp-block-uagb-advanced-heading uagb-block-196d295c\"><h2 class=\"uagb-heading-text\">Nuestra empresa<\/h2><\/div>\n\n\n\n<p>En Grupo AAA nos enorgullecemos de ofrecer repuestos y electrodom\u00e9sticos de alta calidad a nuestros clientes en Espa\u00f1a y Europa. Desde nuestra fundaci\u00f3n, hemos evolucionado continuamente para satisfacer las necesidades de los hogares y las empresas modernas, ofreciendo una amplia gama de productos fiables, duraderos e innovadores. <\/p>\n<\/div><\/div>\n\n<div class=\"wp-block-uagb-advanced-heading uagb-block-4534df3a\"><h2 class=\"uagb-heading-text\">Nuestro viaje<\/h2><\/div>\n\n<div class=\"wp-block-uagb-container uagb-block-baeba4db alignfull uagb-is-root-container\"><div class=\"uagb-container-inner-blocks-wrap\">\n<div class=\"wp-block-uagb-info-box uagb-block-072b51d9 uagb-infobox__content-wrap  uagb-infobox-icon-above-title uagb-infobox-image-valign-top\"><div class=\"uagb-ifb-content\"><div class=\"uagb-ifb-title-wrap\"><span class=\"uagb-ifb-title-prefix\">01.<\/span><h5 class=\"uagb-ifb-title\"><strong>Establecimiento de Excelencia (2014):<\/strong><\/h5><\/div><p class=\"uagb-ifb-desc\">Nuestro viaje comenz\u00f3 en 2014, con el compromiso de proporcionar repuestos de primera calidad para diversos electrodom\u00e9sticos industriales y dom\u00e9sticos. Desde el principio, nos hemos centrado en la fiabilidad y la satisfacci\u00f3n del cliente. <\/p><\/div><\/div>\n\n\n\n<div class=\"wp-block-uagb-info-box uagb-block-3d65ae14 uagb-infobox__content-wrap  uagb-infobox-icon-above-title uagb-infobox-image-valign-top\"><div class=\"uagb-ifb-content\"><div class=\"uagb-ifb-title-wrap\"><span class=\"uagb-ifb-title-prefix\">02.<\/span><h5 class=\"uagb-ifb-title\"><strong>Fase de expansi\u00f3n (2016):<\/strong><\/h5><\/div><p class=\"uagb-ifb-desc\">En 2016, ampliamos nuestra gama de productos y operaciones para atender a un n\u00famero cada vez mayor de clientes en toda Europa. Esta etapa marc\u00f3 nuestra evoluci\u00f3n hasta convertirnos en un socio de confianza para empresas y particulares que buscan piezas duraderas para electrodom\u00e9sticos. <\/p><\/div><\/div>\n\n\n\n<div class=\"wp-block-uagb-info-box uagb-block-8ca6273f uagb-infobox__content-wrap  uagb-infobox-icon-above-title uagb-infobox-image-valign-top\"><div class=\"uagb-ifb-content\"><div class=\"uagb-ifb-title-wrap\"><span class=\"uagb-ifb-title-prefix\">03.<\/span><h5 class=\"uagb-ifb-title\"><strong>Introducci\u00f3n de piezas para electrodom\u00e9sticos (2017):<\/strong><\/h5><\/div><p class=\"uagb-ifb-desc\">Reconociendo las necesidades de nuestros clientes, ingresamos al mercado de repuestos para electrodom\u00e9sticos en 2017. Nuestra oferta creci\u00f3 para incluir accesorios para electrodom\u00e9sticos de alta calidad dise\u00f1ados para mejorar el estilo de vida moderno.<\/p><\/div><\/div>\n\n\n\n<div class=\"wp-block-uagb-info-box uagb-block-26e025ce uagb-infobox__content-wrap  uagb-infobox-icon-above-title uagb-infobox-image-valign-top\"><div class=\"uagb-ifb-content\"><div class=\"uagb-ifb-title-wrap\"><span class=\"uagb-ifb-title-prefix\">04.<\/span><h5 class=\"uagb-ifb-title\"><strong>Alcance global (2019):<\/strong><\/h5><\/div><p class=\"uagb-ifb-desc\">En 2019, nuestra dedicaci\u00f3n a la excelencia nos llev\u00f3 a expandirnos m\u00e1s all\u00e1 de Espa\u00f1a. Comenzamos a prestar servicios en los mercados internacionales, proporcionando a los hogares y empresas europeos los repuestos y electrodom\u00e9sticos en los que conf\u00edan. <\/p><\/div><\/div>\n\n\n\n<div class=\"wp-block-uagb-info-box uagb-block-88b88f3c uagb-infobox__content-wrap  uagb-infobox-icon-above-title uagb-infobox-image-valign-top\"><div class=\"uagb-ifb-content\"><div class=\"uagb-ifb-title-wrap\"><span class=\"uagb-ifb-title-prefix\">05.<\/span><h5 class=\"uagb-ifb-title\"><strong>Comercio electr\u00f3nico (2024):<\/strong><\/h5><\/div><p class=\"uagb-ifb-desc\">En 2024, nos sumamos a la era digital con el lanzamiento de nuestra plataforma de comercio electr\u00f3nico, que permite a los clientes de toda Europa acceder f\u00e1cilmente a toda nuestra gama de productos. Este paso nos ha permitido ofrecer a\u00fan m\u00e1s comodidad, garantizando un servicio r\u00e1pido y eficiente. <\/p><\/div><\/div>\n\n\n\n<div class=\"wp-block-uagb-info-box uagb-block-4c1b02ba uagb-infobox__content-wrap  uagb-infobox-icon-above-title uagb-infobox-image-valign-top\"><div class=\"uagb-ifb-content\"><div class=\"uagb-ifb-title-wrap\"><span class=\"uagb-ifb-title-prefix\">06.<\/span><h5 class=\"uagb-ifb-title\"><strong>Visi\u00f3n de futuro (2024+):<\/strong><\/h5><\/div><p class=\"uagb-ifb-desc\">De cara al futuro, nuestra visi\u00f3n es seguir liderando la industria con innovaci\u00f3n, sostenibilidad y un servicio al cliente inigualable. Nos comprometemos a evolucionar junto con nuestros clientes, anticip\u00e1ndonos a sus necesidades y ofreciendo productos que faciliten la vida. <\/p><\/div><\/div>\n<\/div><\/div>\n\n<div class=\"wp-block-uagb-container uagb-block-d389ae60 alignfull uagb-is-root-container\"><div class=\"uagb-container-inner-blocks-wrap\">\n<div class=\"wp-block-uagb-advanced-heading uagb-block-50e563bf\"><h2 class=\"uagb-heading-text\">S\u00edguenos para recibir las \u00faltimas actualizaciones.<\/h2><\/div>\n\n\n\n<div class=\"wp-block-uagb-container uagb-block-d8b8b902\">\n<div class=\"wp-block-uagb-info-box uagb-block-385c813a uagb-infobox__content-wrap  uagb-infobox-icon-above-title uagb-infobox-image-valign-top wp-block-uagb-info-box--has-margin\"><div class=\"uagb-infobox-margin-wrapper\"><div class=\"uagb-ifb-content\"><div class=\"uagb-ifb-icon-wrap\"><div class=\"uagb-iconbox-icon-wrap uagb-infobox-shape-circle\"><svg xmlns=\"https:\/\/www.w3.org\/2000\/svg\" viewbox=\"0 0 384 512\"><path d=\"M361 215C375.3 223.8 384 239.3 384 256C384 272.7 375.3 288.2 361 296.1L73.03 472.1C58.21 482 39.66 482.4 24.52 473.9C9.377 465.4 0 449.4 0 432V80C0 62.64 9.377 46.63 24.52 38.13C39.66 29.64 58.21 29.99 73.03 39.04L361 215z\"><\/path><\/svg><\/div><\/div><div class=\"uagb-ifb-title-wrap\"><h4 class=\"uagb-ifb-title\">Ver el v\u00eddeo completo<\/h4><\/div><\/div><\/div><\/div>\n<\/div>\n<\/div><\/div>\n\n<div class=\"wp-block-uagb-container uagb-block-18f0201e alignfull uagb-is-root-container\"><div class=\"uagb-container-inner-blocks-wrap\">\n<div class=\"wp-block-uagb-info-box uagb-block-5dd33463 uagb-infobox__content-wrap  uagb-infobox-icon-above-title uagb-infobox-image-valign-top\"><div class=\"uagb-ifb-content\"><div class=\"uagb-ifb-title-wrap\"><h4 class=\"uagb-ifb-title-prefix\">The All New<\/h4><h2 class=\"uagb-ifb-title\">Electro AAA ya est\u00e1 aqu\u00ed<\/h2><\/div><p class=\"uagb-ifb-desc\">Haci\u00e9ndote la vida m\u00e1s f\u00e1cil con todos los recursos imprescindibles para los electrodom\u00e9sticos del hogar, ya sea para su uso o reparaci\u00f3n.<\/p><div class=\"uagb-ifb-button-wrapper wp-block-button\"><a href=\"#\" class=\"uagb-infobox-cta-link wp-block-button__link\" target=\"_self\" rel=\"noopener noreferrer\" onclick=\"return false;\"><span class=\"uagb-inline-editing\">comprar ahora<\/span><\/a><\/div><\/div><\/div>\n<\/div><\/div>\n","protected":false},"excerpt":{"rendered":"<p>Qui\u00e9nes somos Explora las historias Establecimiento 2014 Introducci\u00f3n de piezas de electrodom\u00e9sticos 2017 Expansi\u00f3n 2016 Comercio electr\u00f3nico 2024 Alcance nacional\/global 2019 Innovaci\u00f3n futura 2024+ Nuestra empresa En Grupo AAA nos enorgullecemos de ofrecer repuestos y electrodom\u00e9sticos de alta calidad a nuestros clientes en Espa\u00f1a y Europa. Desde nuestra fundaci\u00f3n, hemos evolucionado continuamente para satisfacer las [&hellip;]<\/p>\n","protected":false},"author":1,"featured_media":0,"parent":0,"menu_order":0,"comment_status":"closed","ping_status":"closed","template":"","meta":{"_uag_custom_page_level_css":"","site-sidebar-layout":"no-sidebar","site-content-layout":"plain-container","ast-site-content-layout":"normal-width-container","site-content-style":"unboxed","site-sidebar-style":"unboxed","ast-global-header-display":"","ast-banner-title-visibility":"","ast-main-header-display":"","ast-hfb-above-header-display":"","ast-hfb-below-header-display":"","ast-hfb-mobile-header-display":"","site-post-title":"disabled","ast-breadcrumbs-content":"","ast-featured-img":"disabled","footer-sml-layout":"","theme-transparent-header-meta":"enabled","adv-header-id-meta":"","stick-header-meta":"","header-above-stick-meta":"","header-main-stick-meta":"","header-below-stick-meta":"","astra-migrate-meta-layouts":"default","ast-page-background-enabled":"default","ast-page-background-meta":{"desktop":{"background-color":"","background-image":"","background-repeat":"repeat","background-position":"center center","background-size":"auto","background-attachment":"scroll","background-type":"","background-media":"","overlay-type":"","overlay-color":"","overlay-opacity":"","overlay-gradient":""},"tablet":{"background-color":"","background-image":"","background-repeat":"repeat","background-position":"center center","background-size":"auto","background-attachment":"scroll","background-type":"","background-media":"","overlay-type":"","overlay-color":"","overlay-opacity":"","overlay-gradient":""},"mobile":{"background-color":"","background-image":"","background-repeat":"repeat","background-position":"center center","background-size":"auto","background-attachment":"scroll","background-type":"","background-media":"","overlay-type":"","overlay-color":"","overlay-opacity":"","overlay-gradient":""}},"ast-content-background-meta":{"desktop":{"background-color":"var(--ast-global-color-5)","background-image":"","background-repeat":"repeat","background-position":"center center","background-size":"auto","background-attachment":"scroll","background-type":"","background-media":"","overlay-type":"","overlay-color":"","overlay-opacity":"","overlay-gradient":""},"tablet":{"background-color":"var(--ast-global-color-5)","background-image":"","background-repeat":"repeat","background-position":"center center","background-size":"auto","background-attachment":"scroll","background-type":"","background-media":"","overlay-type":"","overlay-color":"","overlay-opacity":"","overlay-gradient":""},"mobile":{"background-color":"var(--ast-global-color-5)","background-image":"","background-repeat":"repeat","background-position":"center center","background-size":"auto","background-attachment":"scroll","background-type":"","background-media":"","overlay-type":"","overlay-color":"","overlay-opacity":"","overlay-gradient":""}},"footnotes":""},"class_list":["post-2424","page","type-page","status-publish","hentry"],"aioseo_notices":[],"uagb_featured_image_src":{"full":false,"thumbnail":false,"medium":false,"medium_large":false,"large":false,"1536x1536":false,"2048x2048":false,"woocommerce_thumbnail":false,"woocommerce_single":false,"woocommerce_gallery_thumbnail":false},"uagb_author_info":{"display_name":"Abid Ali Abid","author_link":"https:\/\/grupoaaa.es\/es\/author\/aaa-frioindus-electrodomesticosgmail-com\/"},"uagb_comment_info":0,"uagb_excerpt":"Qui\u00e9nes somos Explora las historias Establecimiento 2014 Introducci\u00f3n de piezas de electrodom\u00e9sticos 2017 Expansi\u00f3n 2016 Comercio electr\u00f3nico 2024 Alcance nacional\/global 2019 Innovaci\u00f3n futura 2024+ Nuestra empresa En Grupo AAA nos enorgullecemos de ofrecer repuestos y electrodom\u00e9sticos de alta calidad a nuestros clientes en Espa\u00f1a y Europa. Desde nuestra fundaci\u00f3n, hemos evolucionado continuamente para satisfacer las&hellip;","_links":{"self":[{"href":"https:\/\/grupoaaa.es\/es\/wp-json\/wp\/v2\/pages\/2424","targetHints":{"allow":["GET"]}}],"collection":[{"href":"https:\/\/grupoaaa.es\/es\/wp-json\/wp\/v2\/pages"}],"about":[{"href":"https:\/\/grupoaaa.es\/es\/wp-json\/wp\/v2\/types\/page"}],"author":[{"embeddable":true,"href":"https:\/\/grupoaaa.es\/es\/wp-json\/wp\/v2\/users\/1"}],"replies":[{"embeddable":true,"href":"https:\/\/grupoaaa.es\/es\/wp-json\/wp\/v2\/comments?post=2424"}],"version-history":[{"count":14,"href":"https:\/\/grupoaaa.es\/es\/wp-json\/wp\/v2\/pages\/2424\/revisions"}],"predecessor-version":[{"id":3378,"href":"https:\/\/grupoaaa.es\/es\/wp-json\/wp\/v2\/pages\/2424\/revisions\/3378"}],"wp:attachment":[{"href":"https:\/\/grupoaaa.es\/es\/wp-json\/wp\/v2\/media?parent=2424"}],"curies":[{"name":"wp","href":"https:\/\/api.w.org\/{rel}","templated":true}]}}